{"id":80,"date":"2014-03-22T20:50:30","date_gmt":"2014-03-22T19:50:30","guid":{"rendered":"http:\/\/www.kliczdravi.eu\/?page_id=80"},"modified":"2025-12-16T12:54:04","modified_gmt":"2025-12-16T11:54:04","slug":"kontakt","status":"publish","type":"page","link":"https:\/\/www.kliczdravi.eu\/?page_id=80","title":{"rendered":"Kontakt"},"content":{"rendered":"<p>\u017diji s rodinou v Jiho\u010desk\u00e9m kraji, okrese T\u00e1bor, kde tak\u00e9 poskytuji terapie.<\/p>\n<ul>\n<li>Telefonick\u00e9 konzultace poskytuji denn\u011b.<\/li>\n<li>Osobn\u00ed konzultace poskytuji\u00a0 denn\u011b pond\u011bl\u00ed &#8211; p\u00e1tek.<\/li>\n<li>Nab\u00edz\u00edm tak\u00e9 <a href=\"https:\/\/www.kliczdravi.eu\/?page_id=569\" target=\"_blank\" rel=\"noopener\">terapeutick\u00e9 pobyty.<\/a><\/li>\n<\/ul>\n<p>Pokud m\u00e1te z\u00e1jem o vstupn\u00ed konzultaci nejprve mi, pros\u00edm, zavolejte na \u010d\u00edslo 777 553 858, abychom dojednali mo\u017enosti terapie. Pro klienty ze vzd\u00e1len\u011bj\u0161\u00edch region\u016f poskytuji online konzultace.<\/p>\n<h2>Po dohod\u011b si st\u00e1hn\u011bte <a title=\"dotazn\u00edk\" href=\"https:\/\/www.kliczdravi.eu\/wp-content\/uploads\/2021\/07\/dotaznik-muzi.doc\" rel=\"attachment wp-att-17\">dotazn\u00edk pro mu\u017ee<\/a> nebo <a href=\"https:\/\/www.kliczdravi.eu\/wp-content\/uploads\/2021\/07\/dotaznik-zeny.doc\">dotazn\u00edk pro \u017eeny<\/a> za\u0161lete mi ho na <strong>e m a i l\u00a0<\/strong> na adresu ludmila ( zavin\u00e1\u010d ) kliczdravi . eu , r\u00e1da V\u00e1m odpov\u00edm na Va\u0161e p\u0159\u00edpadn\u00e9 dotazy, domluv\u00edme si term\u00edn a navrhnu mo\u017enosti \u0161it\u00e9 na m\u00edru pr\u00e1v\u011b pro V\u00e1s.<\/h2>\n\n\n<p><\/p>\n","protected":false},"excerpt":{"rendered":"<p>\u017diji s rodinou v Jiho\u010desk\u00e9m kraji, okrese T\u00e1bor, kde tak\u00e9 poskytuji terapie. Telefonick\u00e9 konzultace poskytuji denn\u011b. Osobn\u00ed konzultace poskytuji\u00a0 denn\u011b pond\u011bl\u00ed &#8211; p\u00e1tek. Nab\u00edz\u00edm tak\u00e9 terapeutick\u00e9 pobyty. Pokud m\u00e1te z\u00e1jem o vstupn\u00ed konzultaci nejprve mi, pros\u00edm, zavolejte na \u010d\u00edslo 777 553 858, abychom dojednali mo\u017enosti terapie. Pro klienty ze vzd\u00e1len\u011bj\u0161\u00edch region\u016f poskytuji online konzultace. Po [&hellip;]<\/p>\n","protected":false},"author":1,"featured_media":0,"parent":259,"menu_order":0,"comment_status":"closed","ping_status":"closed","template":"","meta":{"footnotes":""},"class_list":["post-80","page","type-page","status-publish","hentry"],"_links":{"self":[{"href":"https:\/\/www.kliczdravi.eu\/index.php?rest_route=\/wp\/v2\/pages\/80","targetHints":{"allow":["GET"]}}],"collection":[{"href":"https:\/\/www.kliczdravi.eu\/index.php?rest_route=\/wp\/v2\/pages"}],"about":[{"href":"https:\/\/www.kliczdravi.eu\/index.php?rest_route=\/wp\/v2\/types\/page"}],"author":[{"embeddable":true,"href":"https:\/\/www.kliczdravi.eu\/index.php?rest_route=\/wp\/v2\/users\/1"}],"replies":[{"embeddable":true,"href":"https:\/\/www.kliczdravi.eu\/index.php?rest_route=%2Fwp%2Fv2%2Fcomments&post=80"}],"version-history":[{"count":31,"href":"https:\/\/www.kliczdravi.eu\/index.php?rest_route=\/wp\/v2\/pages\/80\/revisions"}],"predecessor-version":[{"id":1083,"href":"https:\/\/www.kliczdravi.eu\/index.php?rest_route=\/wp\/v2\/pages\/80\/revisions\/1083"}],"up":[{"embeddable":true,"href":"https:\/\/www.kliczdravi.eu\/index.php?rest_route=\/wp\/v2\/pages\/259"}],"wp:attachment":[{"href":"https:\/\/www.kliczdravi.eu\/index.php?rest_route=%2Fwp%2Fv2%2Fmedia&parent=80"}],"curies":[{"name":"wp","href":"https:\/\/api.w.org\/{rel}","templated":true}]}}