{"id":732,"date":"2023-04-02T14:00:01","date_gmt":"2023-04-02T12:00:01","guid":{"rendered":"https:\/\/www.kliczdravi.eu\/?page_id=732"},"modified":"2025-09-17T20:02:52","modified_gmt":"2025-09-17T18:02:52","slug":"kurz-bylinkarstvi-vune-zivota","status":"publish","type":"page","link":"https:\/\/www.kliczdravi.eu\/?page_id=732","title":{"rendered":"Kurz bylink\u00e1\u0159stv\u00ed V\u016fn\u011b \u017eivota"},"content":{"rendered":"\n<pre class=\"wp-block-verse has-pale-pink-color has-text-color has-large-font-size\">Kurz bylink\u00e1\u0159stv\u00ed a holistick\u00e9 medic\u00edny<\/pre>\n\n\n\n<p><strong>Nadch\u00e1zej\u00edc\u00ed term\u00edny a t\u00e9mata:<\/strong><br>27.-28.9.2025     Podzim a pos\u00edlen\u00ed imunity<br>25.-26.10.2025  Jak p\u0159ipravit bylinkovou zahr\u00e1dku p\u0159ed zimou<br>15.-16.11.2025  Jak a kdy zato\u010dit s alergeny<br>29-30.11.2025   Zimn\u00ed sklize\u0148 a l\u00e9\u010div\u00e9 houby<br>7.-8.12.2025       Co v zim\u011b a jak ji p\u0159e\u017e\u00edt s bylinkami<\/p>\n\n\n\n<p class=\"has-text-align-left has-black-color has-text-color\">Na tomto v\u00edkendov\u00e9m kurzu bylink\u00e1\u0159stv\u00ed a holistick\u00e9 medic\u00edny se budeme setk\u00e1vat v\u017edy na cel\u00fd v\u00edkend. Budeme spole\u010dn\u011b objevovat taje bylinka\u0159en\u00ed intuitivn\u00ed cestou, lad\u011bn\u00ed se na sebe a na byliny, naslouchat bylin\u00e1m. Nau\u010d\u00edme se jak, kdy a kde spr\u00e1vn\u011b byliny sb\u00edrat, jak je su\u0161it, nau\u010dit se vyr\u00e1b\u011bt tinktury, masti, kr\u00e9my a hojiv\u00e9 obklady. Prostudujeme z\u00e1klady v\u00fdroby Bachov\u00fdch kv\u011btov\u00fdch esenc\u00ed, gemmoterapeutik a homeopatik. Pod\u00edv\u00e1me se i na to, jak bylinky p\u011bstovat, jak se o n\u011b starat prakticky. Prozoum\u00e1me kdy a jak tyto p\u0159\u00edrodn\u00ed l\u00e9\u010debn\u00e9 prost\u0159edky u\u017e\u00edvat, jak je d\u00e1vkovat aby pom\u00e1haly a neu\u0161kodily.<\/p>\n\n\n\n<p>Vzhledem ke sv\u00e9mu vzd\u011bl\u00e1n\u00ed v tradi\u010dn\u00ed \u010d\u00ednsk\u00e9 medic\u00edn\u011b uv\u00e1d\u00edm u ka\u017ed\u00e9 byliny tepelnou kvalitu, chu\u0165, a dal\u0161\u00ed vlastnosti, kter\u00e9 pova\u017euji za z\u00e1sadn\u00ed pro spr\u00e1vn\u00e9 nasazen\u00ed byliny p\u0159i \u0159e\u0161en\u00ed obt\u00ed\u017e\u00ed. <\/p>\n\n\n\n<p>Cel\u00fd kurz je koncipov\u00e1n formou z\u00edsk\u00e1v\u00e1n\u00ed  vlastn\u00ed praktick\u00e9 zku\u0161enosti. <\/p>\n\n\n\n<p>Sou\u010d\u00e1st\u00ed otev\u0159en\u00e9ho kurzu je i p\u011bstov\u00e1n\u00ed a p\u00e9\u010de o bylinkovou zahr\u00e1dku a bylinky v praxi, v ka\u017ed\u00e9m term\u00ednu i informace t\u00fdkaj\u00edc\u00ed se diagnostiky, a\u0165 u\u017e podle tradi\u010dn\u00ed evropsk\u00e9 diagnostiky nebo ajurv\u00e9dy, \u010di klasick\u00e9 \u010d\u00ednsk\u00e9 medic\u00edny.<\/p>\n\n\n\n<p>\u010cas kon\u00e1n\u00ed: v\u017edy sobota 10-18 a ned\u011ble 9-16<\/p>\n\n\n\n<p>Cena: 4500 K\u010d, zahrnuje \u010daj, k\u00e1vu a ob\u010derstven\u00ed, dva ob\u011bdy z biodynamick\u00e9ho statku, ubytov\u00e1n\u00ed na jednu noc v nov\u011b zrekonstruovan\u00e9m <a href=\"https:\/\/www.parkhotelmozolov.cz\/\" data-type=\"link\" data-id=\"https:\/\/www.parkhotelmozolov.cz\/\">Parkhotelu Mozolov<\/a> nebo sp\u0159\u00e1telen\u00fdch airbnb v okol\u00ed. <\/p>\n\n\n\n<p>Nadch\u00e1zej\u00edc\u00ed term\u00edny a t\u00e9mata:<br>27.-28.9.2025 Podzim a pos\u00edlen\u00ed imunity<br>25.-26.10.2025 Jak p\u0159ipravit bylinkovou zahr\u00e1dku p\u0159ed zimou<br>15.-16.11.2025 Jak a kdy zato\u010dit s alergeny<br>29-30.11.2025 Zimn\u00ed sklize\u0148 a l\u00e9\u010div\u00e9 houby<br>7.-8.12.2025 Co v zim\u011b a jak ji p\u0159e\u017e\u00edt s bylinkami<\/p>\n\n\n\n<p><br><\/p>\n\n\n\n<p><\/p>\n\n\n\n<p>P\u0159ihl\u00e1s\u00edte se vypln\u011bn\u00edm tohoto formul\u00e1\u0159e:<\/p>\n\n\n<div class=\"wpforms-container wpforms-container-full\" id=\"wpforms-737\"><form id=\"wpforms-form-737\" class=\"wpforms-validate wpforms-form wpforms-ajax-form\" data-formid=\"737\" method=\"post\" enctype=\"multipart\/form-data\" action=\"\/index.php?rest_route=%2Fwp%2Fv2%2Fpages%2F732\" data-token=\"d746cc79eb3af87ffa0b33e8572b041d\"><noscript class=\"wpforms-error-noscript\">Please enable JavaScript in your browser to complete this form.<\/noscript><div class=\"wpforms-field-container\"><div id=\"wpforms-737-field_1-container\" class=\"wpforms-field wpforms-field-name\" data-field-id=\"1\"><label class=\"wpforms-field-label\" for=\"wpforms-737-field_1\">Jm\u00e9no a p\u0159\u00edjmen\u00ed <span class=\"wpforms-required-label\">*<\/span><\/label><input type=\"text\" id=\"wpforms-737-field_1\" class=\"wpforms-field-medium wpforms-field-required\" name=\"wpforms[fields][1]\" required><\/div><div id=\"wpforms-737-field_2-container\" class=\"wpforms-field wpforms-field-email\" data-field-id=\"2\"><label class=\"wpforms-field-label\" for=\"wpforms-737-field_2\">Email <span class=\"wpforms-required-label\">*<\/span><\/label><input type=\"email\" id=\"wpforms-737-field_2\" class=\"wpforms-field-medium wpforms-field-required\" name=\"wpforms[fields][2]\" required><\/div><div id=\"wpforms-737-field_6-container\" class=\"wpforms-field wpforms-field-checkbox\" data-field-id=\"6\"><ul id=\"wpforms-737-field_6\"><li class=\"choice-1 depth-1\"><input type=\"checkbox\" id=\"wpforms-737-field_6_1\" name=\"wpforms[fields][6][]\" value=\"P\u0159eji si dost\u00e1vat pr\u016fb\u011b\u017en\u00e9 informace o p\u0159edn\u00e1\u0161k\u00e1ch\"  ><label class=\"wpforms-field-label-inline\" for=\"wpforms-737-field_6_1\">P\u0159eji si dost\u00e1vat pr\u016fb\u011b\u017en\u00e9 informace o p\u0159edn\u00e1\u0161k\u00e1ch<\/label><\/li><\/ul><\/div><div id=\"wpforms-737-field_7-container\" class=\"wpforms-field wpforms-field-textarea\" data-field-id=\"7\"><label class=\"wpforms-field-label\" for=\"wpforms-737-field_7\">Va\u0161e telefonn\u00ed \u010d\u00edslo a dal\u0161\u00ed dopl\u0148kov\u00e9 informace, kter\u00e9 byste mi r\u00e1di sd\u011blili<\/label><textarea id=\"wpforms-737-field_7\" class=\"wpforms-field-medium\" name=\"wpforms[fields][7]\" ><\/textarea><div class=\"wpforms-field-description\">V\u00e1\u0161 telefon, email, p\u0159\u00edpadn\u00e9 dotazy ohledn\u011b kurzu. <\/div><\/div><\/div><div class=\"wpforms-submit-container\"><input type=\"hidden\" name=\"wpforms[id]\" value=\"737\"><input type=\"hidden\" name=\"wpforms[author]\" value=\"1\"><button type=\"submit\" name=\"wpforms[submit]\" id=\"wpforms-submit-737\" class=\"wpforms-submit\" data-alt-text=\"Odes\u00edl\u00e1m...\" data-submit-text=\"Odeslat p\u0159ihl\u00e1\u0161ku\" aria-live=\"assertive\" value=\"wpforms-submit\">Odeslat p\u0159ihl\u00e1\u0161ku<\/button><img loading=\"lazy\" decoding=\"async\" src=\"https:\/\/www.kliczdravi.eu\/wp-content\/plugins\/wpforms-lite\/assets\/images\/submit-spin.svg\" class=\"wpforms-submit-spinner\" style=\"display: none;\" width=\"26\" height=\"26\" alt=\"Loading\"><\/div><\/form><\/div>  <!-- .wpforms-container -->","protected":false},"excerpt":{"rendered":"<p>Kurz bylink\u00e1\u0159stv\u00ed a holistick\u00e9 medic\u00edny Nadch\u00e1zej\u00edc\u00ed term\u00edny a t\u00e9mata:27.-28.9.2025 Podzim a pos\u00edlen\u00ed imunity25.-26.10.2025 Jak p\u0159ipravit bylinkovou zahr\u00e1dku p\u0159ed zimou15.-16.11.2025 Jak a kdy zato\u010dit s alergeny29-30.11.2025 Zimn\u00ed sklize\u0148 a l\u00e9\u010div\u00e9 houby7.-8.12.2025 Co v zim\u011b a jak ji p\u0159e\u017e\u00edt s bylinkami Na tomto v\u00edkendov\u00e9m kurzu bylink\u00e1\u0159stv\u00ed a holistick\u00e9 medic\u00edny se budeme setk\u00e1vat v\u017edy na cel\u00fd v\u00edkend. Budeme [&hellip;]<\/p>\n","protected":false},"author":1,"featured_media":734,"parent":0,"menu_order":0,"comment_status":"closed","ping_status":"closed","template":"","meta":{"footnotes":""},"class_list":["post-732","page","type-page","status-publish","has-post-thumbnail","hentry"],"_links":{"self":[{"href":"https:\/\/www.kliczdravi.eu\/index.php?rest_route=\/wp\/v2\/pages\/732","targetHints":{"allow":["GET"]}}],"collection":[{"href":"https:\/\/www.kliczdravi.eu\/index.php?rest_route=\/wp\/v2\/pages"}],"about":[{"href":"https:\/\/www.kliczdravi.eu\/index.php?rest_route=\/wp\/v2\/types\/page"}],"author":[{"embeddable":true,"href":"https:\/\/www.kliczdravi.eu\/index.php?rest_route=\/wp\/v2\/users\/1"}],"replies":[{"embeddable":true,"href":"https:\/\/www.kliczdravi.eu\/index.php?rest_route=%2Fwp%2Fv2%2Fcomments&post=732"}],"version-history":[{"count":7,"href":"https:\/\/www.kliczdravi.eu\/index.php?rest_route=\/wp\/v2\/pages\/732\/revisions"}],"predecessor-version":[{"id":1058,"href":"https:\/\/www.kliczdravi.eu\/index.php?rest_route=\/wp\/v2\/pages\/732\/revisions\/1058"}],"wp:featuredmedia":[{"embeddable":true,"href":"https:\/\/www.kliczdravi.eu\/index.php?rest_route=\/wp\/v2\/media\/734"}],"wp:attachment":[{"href":"https:\/\/www.kliczdravi.eu\/index.php?rest_route=%2Fwp%2Fv2%2Fmedia&parent=732"}],"curies":[{"name":"wp","href":"https:\/\/api.w.org\/{rel}","templated":true}]}}