{"id":634,"date":"2022-03-20T17:49:45","date_gmt":"2022-03-20T16:49:45","guid":{"rendered":"https:\/\/www.kliczdravi.eu\/?page_id=634"},"modified":"2022-08-29T17:28:32","modified_gmt":"2022-08-29T15:28:32","slug":"leto","status":"publish","type":"page","link":"https:\/\/www.kliczdravi.eu\/?page_id=634","title":{"rendered":"Letn\u00ed n\u00e1strahy pro na\u0161e zdrav\u00ed a co s t\u00edm"},"content":{"rendered":"\n<p>L\u00e9to je element Ohn\u011b. Organismu vl\u00e1dne srdce, a to znamen\u00e1 v\u00e1\u0161e\u0148 a emoce. Tedy horko i uvnit\u0159. N\u00e1\u0161 \u017eivot se odehr\u00e1v\u00e1 hodn\u011b venku, chod\u00edme na spole\u010densk\u00e9 akce, jsme dlouho vzh\u016fru, chod\u00edme pozd\u011b sp\u00e1t a brzy vst\u00e1v\u00e1me, koupeme se, slun\u00edme. <\/p>\n\n\n\n<p>L\u00e9to s sebou p\u0159in\u00e1\u0161\u00ed choroby specifick\u00e9 pro horko, ale tak\u00e9 chladn\u00e9 a vlhk\u00e9 dny, kdy\u017e je t\u011blo nastaven\u00e9 na horko. P\u0159edn\u00e1\u0161ka se bude v\u011bnovat zejm\u00e9na za\u017e\u00edvac\u00edm obt\u00ed\u017e\u00edm a alergi\u00edm, \u00fapalu i opalov\u00e1n\u00ed celkem, dotkneme se obrny, budeme se v\u011bnovat vyr\u00e1\u017ek\u00e1m a exant\u00e9mov\u00fdm onemocn\u011bn\u00edm, potni\u010dk\u00e1m a opruzenin\u00e1m, kvasinkov\u00fdm onemocn\u011bn\u00edm, pod\u00edv\u00e1me se tak\u00e9 na ang\u00edny a hore\u010dky.<br><br><strong>T\u00e9mata:<\/strong><br>:: senn\u00e1 r\u00fdma a alergie<br>:: astma<br>:: bolesti v krku<br>:: r\u00fdma a ka\u0161el<br>:: vyr\u00e1\u017eky<br>:: plan\u00e9 ne\u0161tovice<br>:: zard\u011bnky<br>:: spalni\u010dky<br>:: sp\u00e1la <br>:: \u010dtvrt\u00e1, p\u00e1t\u00e1 a \u0161est\u00e1 d\u011btsk\u00e1 nemoc<br>:: za\u017e\u00edv\u00e1n\u00ed &#8211; letn\u00ed nevolnosti a pr\u016fjmy, z\u00e1cpa<br>:: \u00fa\u017eeh a \u00fapal<br>:: letn\u00ed hore\u010dky<\/p>\n\n\n\n<p>Term\u00edny kon\u00e1n\u00ed:<br>14.5.2022 &#8211; Nad\u011bjkov<\/p>\n\n\n\n<p><\/p>\n\n\n\n<p><strong>P\u0158IHL\u00c1\u0160KA<\/strong><\/p>\n\n\n<div class=\"wpforms-container wpforms-container-full\" id=\"wpforms-654\"><form id=\"wpforms-form-654\" class=\"wpforms-validate wpforms-form wpforms-ajax-form\" data-formid=\"654\" method=\"post\" enctype=\"multipart\/form-data\" action=\"\/index.php?rest_route=%2Fwp%2Fv2%2Fpages%2F634\" data-token=\"872b1b1ac5c5a14366e4faa06d3052aa\"><noscript class=\"wpforms-error-noscript\">Please enable JavaScript in your browser to complete this form.<\/noscript><div class=\"wpforms-field-container\"><div id=\"wpforms-654-field_1-container\" class=\"wpforms-field wpforms-field-name\" data-field-id=\"1\"><label class=\"wpforms-field-label\" for=\"wpforms-654-field_1\">Jm\u00e9no a p\u0159\u00edjmen\u00ed <span class=\"wpforms-required-label\">*<\/span><\/label><input type=\"text\" id=\"wpforms-654-field_1\" class=\"wpforms-field-medium wpforms-field-required\" name=\"wpforms[fields][1]\" required><\/div><div id=\"wpforms-654-field_2-container\" class=\"wpforms-field wpforms-field-email\" data-field-id=\"2\"><label class=\"wpforms-field-label\" for=\"wpforms-654-field_2\">Email <span class=\"wpforms-required-label\">*<\/span><\/label><input type=\"email\" id=\"wpforms-654-field_2\" class=\"wpforms-field-medium wpforms-field-required\" name=\"wpforms[fields][2]\" required><\/div><div id=\"wpforms-654-field_6-container\" class=\"wpforms-field wpforms-field-checkbox\" data-field-id=\"6\"><ul id=\"wpforms-654-field_6\"><li class=\"choice-1 depth-1\"><input type=\"checkbox\" id=\"wpforms-654-field_6_1\" name=\"wpforms[fields][6][]\" value=\"P\u0159eji si dost\u00e1vat pr\u016fb\u011b\u017en\u00e9 informace o p\u0159edn\u00e1\u0161k\u00e1ch\"  ><label class=\"wpforms-field-label-inline\" for=\"wpforms-654-field_6_1\">P\u0159eji si dost\u00e1vat pr\u016fb\u011b\u017en\u00e9 informace o p\u0159edn\u00e1\u0161k\u00e1ch<\/label><\/li><\/ul><\/div><div id=\"wpforms-654-field_7-container\" class=\"wpforms-field wpforms-field-textarea\" data-field-id=\"7\"><label class=\"wpforms-field-label\" for=\"wpforms-654-field_7\">Dopl\u0148kov\u00e9 informace, kter\u00e9 byste mi r\u00e1di sd\u011blili<\/label><textarea id=\"wpforms-654-field_7\" class=\"wpforms-field-medium\" name=\"wpforms[fields][7]\" ><\/textarea><div class=\"wpforms-field-description\">V\u00e1\u0161 telefon, email, p\u0159\u00e1padn\u00e9 dotazy ohledn\u011b p\u0159edn\u00e1\u0161ky. Zda se p\u0159ihla\u0161ujete na cel\u00fd cyklus \u010di jen jednotliv\u00e9 p\u0159edn\u00e1\u0161ky<\/div><\/div><\/div><div class=\"wpforms-submit-container\"><input type=\"hidden\" name=\"wpforms[id]\" value=\"654\"><input type=\"hidden\" name=\"wpforms[author]\" value=\"1\"><button type=\"submit\" name=\"wpforms[submit]\" id=\"wpforms-submit-654\" class=\"wpforms-submit\" data-alt-text=\"Odes\u00edl\u00e1m...\" data-submit-text=\"Odeslat p\u0159ihl\u00e1\u0161ku\" aria-live=\"assertive\" value=\"wpforms-submit\">Odeslat p\u0159ihl\u00e1\u0161ku<\/button><img loading=\"lazy\" decoding=\"async\" src=\"https:\/\/www.kliczdravi.eu\/wp-content\/plugins\/wpforms-lite\/assets\/images\/submit-spin.svg\" class=\"wpforms-submit-spinner\" style=\"display: none;\" width=\"26\" height=\"26\" alt=\"Loading\"><\/div><\/form><\/div>  <!-- .wpforms-container -->","protected":false},"excerpt":{"rendered":"<p>L\u00e9to je element Ohn\u011b. Organismu vl\u00e1dne srdce, a to znamen\u00e1 v\u00e1\u0161e\u0148 a emoce. Tedy horko i uvnit\u0159. N\u00e1\u0161 \u017eivot se odehr\u00e1v\u00e1 hodn\u011b venku, chod\u00edme na spole\u010densk\u00e9 akce, jsme dlouho vzh\u016fru, chod\u00edme pozd\u011b sp\u00e1t a brzy vst\u00e1v\u00e1me, koupeme se, slun\u00edme. L\u00e9to s sebou p\u0159in\u00e1\u0161\u00ed choroby specifick\u00e9 pro horko, ale tak\u00e9 chladn\u00e9 a vlhk\u00e9 dny, kdy\u017e je [&hellip;]<\/p>\n","protected":false},"author":1,"featured_media":0,"parent":629,"menu_order":0,"comment_status":"closed","ping_status":"closed","template":"","meta":{"footnotes":""},"class_list":["post-634","page","type-page","status-publish","hentry"],"_links":{"self":[{"href":"https:\/\/www.kliczdravi.eu\/index.php?rest_route=\/wp\/v2\/pages\/634","targetHints":{"allow":["GET"]}}],"collection":[{"href":"https:\/\/www.kliczdravi.eu\/index.php?rest_route=\/wp\/v2\/pages"}],"about":[{"href":"https:\/\/www.kliczdravi.eu\/index.php?rest_route=\/wp\/v2\/types\/page"}],"author":[{"embeddable":true,"href":"https:\/\/www.kliczdravi.eu\/index.php?rest_route=\/wp\/v2\/users\/1"}],"replies":[{"embeddable":true,"href":"https:\/\/www.kliczdravi.eu\/index.php?rest_route=%2Fwp%2Fv2%2Fcomments&post=634"}],"version-history":[{"count":6,"href":"https:\/\/www.kliczdravi.eu\/index.php?rest_route=\/wp\/v2\/pages\/634\/revisions"}],"predecessor-version":[{"id":708,"href":"https:\/\/www.kliczdravi.eu\/index.php?rest_route=\/wp\/v2\/pages\/634\/revisions\/708"}],"up":[{"embeddable":true,"href":"https:\/\/www.kliczdravi.eu\/index.php?rest_route=\/wp\/v2\/pages\/629"}],"wp:attachment":[{"href":"https:\/\/www.kliczdravi.eu\/index.php?rest_route=%2Fwp%2Fv2%2Fmedia&parent=634"}],"curies":[{"name":"wp","href":"https:\/\/api.w.org\/{rel}","templated":true}]}}