{"id":629,"date":"2022-03-20T17:00:02","date_gmt":"2022-03-20T16:00:02","guid":{"rendered":"https:\/\/www.kliczdravi.eu\/?page_id=629"},"modified":"2022-08-29T15:02:04","modified_gmt":"2022-08-29T13:02:04","slug":"detske-nemoci-v-prubehu-roku","status":"publish","type":"page","link":"https:\/\/www.kliczdravi.eu\/?page_id=629","title":{"rendered":"Celostn\u00ed medic\u00edna v pr\u016fb\u011bhu roku"},"content":{"rendered":"\n<p>JARO               <a href=\"https:\/\/www.kliczdravi.eu\/?page_id=634\">L\u00c9TO<\/a>                PODZIM               ZIMA<\/p>\n\n\n\n<h2 class=\"wp-block-heading\">Voln\u00fd cyklus p\u0159edn\u00e1\u0161ek pro \u017eeny i mu\u017ee<\/h2>\n\n\n\n<p>Zn\u00e1te to, je p\u00e1tek ve\u010der, v\u00edkend p\u0159ed n\u00e1mi. A d\u00edt\u011b jenom ho\u0159\u00ed, bol\u00ed ho v krku nebo m\u00e1 pr\u016fjem. P\u0159em\u00fd\u0161l\u00edte, co m\u00e1te ud\u011blat, abyste mu uleh\u010dili a zda se vydat na pohotovost \u010di nikoli. <\/p>\n\n\n\n<p>B\u011bhem m\u00fdch p\u0159edn\u00e1\u0161ek se nau\u010d\u00edte, jak zvl\u00e1dat b\u011b\u017en\u00e1 vych\u00fdlen\u00ed zdravotn\u00edho stavu sv\u00fdch d\u011bt\u00ed jako nap\u0159. hore\u010dka, ang\u00edna, \u00fapal, pr\u016fjmy atd. <\/p>\n\n\n\n<p>Dozv\u00edte se, jak\u00e1 jsou varovn\u00e1 znamen\u00ed, kdy u\u017e je t\u0159eba kontaktovat l\u00e9ka\u0159e a s \u010d\u00edm si porad\u00edte sami. U ka\u017ed\u00e9 nemoci si nejprve pop\u00ed\u0161eme v\u0161echny p\u0159\u00edznaky, jak s nimi nakl\u00e1d\u00e1 modern\u00ed medic\u00edna pomoc\u00ed farmak a n\u00e1sledn\u011b se nau\u010d\u00edte pou\u017e\u00edvat z\u00e1kladn\u00ed bylinky a bylinn\u00e9 tinktury, homeopatika a tk\u00e1\u0148ov\u00e9 soli, jak d\u011blat l\u00e9\u010div\u00e9 obklady a jak\u00e9 masti, oleje pou\u017e\u00edt kdy\u017e je t\u0159eba. <\/p>\n\n\n\n<p>Ke ka\u017ed\u00e9 nemoci v\u00e1s nau\u010d\u00edm z\u00e1kladn\u00ed postupy \u010d\u00ednsk\u00e9 pediatrick\u00e9 l\u00e9\u010debn\u00e9 mas\u00e1\u017ee a stimulaci tlakov\u00fdch (akupresurn\u00edch) bod\u016f, na kter\u00e9 d\u011bti skv\u011ble reaguj\u00ed. U ka\u017ed\u00e9ho ro\u010dn\u00edho obdob\u00ed si budeme pov\u00eddat o tom, jak\u00e1 jsou jeho \u00faskal\u00ed a na co si d\u00e1t pozor, jak upravit j\u00eddeln\u00ed\u010dek pro to kter\u00e9 obdob\u00ed a co m\u016f\u017eete ud\u011blat pro podporu p\u0159irozen\u00e9ho zdrav\u00ed va\u0161eho d\u00edt\u011bte. Dost \u010dasu zbyde i na n\u00e1zorn\u00e9 uk\u00e1zky a va\u0161e dotazy. Na p\u0159edn\u00e1\u0161ky m\u016f\u017eete vz\u00edt i sv\u00e9 d\u011bti (cca do 1 roku v\u011bku), v cen\u011b je vegetari\u00e1nsk\u00fd ob\u011bd plus drobn\u00e9 ob\u010derstven\u00ed a skripta, do kter\u00fdch si m\u016f\u017eete dopl\u0148ovat sv\u00e9 pozn\u00e1mky. <\/p>\n\n\n\n<p>Za\u010d\u00e1tek v 9.00, konec v 17.00 Cena 1000 K\u010d za jednu p\u0159edn\u00e1\u0161ku \u2013 3600 K\u010d p\u0159i p\u0159edplacen\u00ed v\u0161ech \u010dty\u0159 ro\u010dn\u00edch obdob\u00ed najednou.<br><\/p>\n\n\n\n<p>Nejbli\u017e\u0161\u00ed term\u00edny:<br>14.5.2022 Co p\u0159in\u00e1\u0161\u00ed <a rel=\"noreferrer noopener\" href=\"https:\/\/www.kliczdravi.eu\/?page_id=634\" target=\"_blank\">L\u00c9TO<\/a> &#8211; m\u00edsto kon\u00e1n\u00ed: Nad\u011bjkov<br>10.9.2022 Co p\u0159in\u00e1\u0161\u00ed <a href=\"https:\/\/www.kliczdravi.eu\/?page_id=697\">PODZIM<\/a> &#8211; m\u00edsto kon\u00e1n\u00ed: Nad\u011bjkov\u00a0<br>12.11.2022 Co p\u0159in\u00e1\u0161\u00ed ZIMA &#8211; m\u00edsto kon\u00e1n\u00ed: Nad\u011bjkov<br>18.2.2022 Co p\u0159in\u00e1\u0161\u00ed JARO &#8211; m\u00edsto kon\u00e1n\u00ed: Nad\u011bjkov<\/p>\n\n\n\n<p><strong>P\u0158IHL\u00c1\u0160KA<\/strong><\/p>\n\n\n<div class=\"wpforms-container wpforms-container-full\" id=\"wpforms-651\"><form id=\"wpforms-form-651\" class=\"wpforms-validate wpforms-form wpforms-ajax-form\" data-formid=\"651\" method=\"post\" enctype=\"multipart\/form-data\" action=\"\/index.php?rest_route=%2Fwp%2Fv2%2Fpages%2F629\" data-token=\"01af4258b94acc7d98ec2502c30e0ace\"><noscript class=\"wpforms-error-noscript\">Please enable JavaScript in your browser to complete this form.<\/noscript><div class=\"wpforms-field-container\"><div id=\"wpforms-651-field_1-container\" class=\"wpforms-field wpforms-field-name\" data-field-id=\"1\"><label class=\"wpforms-field-label\" for=\"wpforms-651-field_1\">Jm\u00e9no a p\u0159\u00edjmen\u00ed <span class=\"wpforms-required-label\">*<\/span><\/label><input type=\"text\" id=\"wpforms-651-field_1\" class=\"wpforms-field-medium wpforms-field-required\" name=\"wpforms[fields][1]\" required><\/div><div id=\"wpforms-651-field_2-container\" class=\"wpforms-field wpforms-field-email\" data-field-id=\"2\"><label class=\"wpforms-field-label\" for=\"wpforms-651-field_2\">Email <span class=\"wpforms-required-label\">*<\/span><\/label><input type=\"email\" id=\"wpforms-651-field_2\" class=\"wpforms-field-medium wpforms-field-required\" name=\"wpforms[fields][2]\" required><\/div><div id=\"wpforms-651-field_12-container\" class=\"wpforms-field wpforms-field-text\" data-field-id=\"12\"><label class=\"wpforms-field-label\" for=\"wpforms-651-field_12\">Telefonn\u00ed \u010d\u00edslo<\/label><input type=\"text\" id=\"wpforms-651-field_12\" class=\"wpforms-field-medium\" name=\"wpforms[fields][12]\" ><\/div><div id=\"wpforms-651-field_6-container\" class=\"wpforms-field wpforms-field-checkbox\" data-field-id=\"6\"><ul id=\"wpforms-651-field_6\"><li class=\"choice-1 depth-1\"><input type=\"checkbox\" id=\"wpforms-651-field_6_1\" name=\"wpforms[fields][6][]\" value=\"P\u0159eji si dost\u00e1vat pr\u016fb\u011b\u017en\u00e9 informace o p\u0159edn\u00e1\u0161k\u00e1ch\"  ><label class=\"wpforms-field-label-inline\" for=\"wpforms-651-field_6_1\">P\u0159eji si dost\u00e1vat pr\u016fb\u011b\u017en\u00e9 informace o p\u0159edn\u00e1\u0161k\u00e1ch<\/label><\/li><\/ul><\/div><div id=\"wpforms-651-field_7-container\" class=\"wpforms-field wpforms-field-textarea\" data-field-id=\"7\"><label class=\"wpforms-field-label\" for=\"wpforms-651-field_7\">Dopl\u0148kov\u00e9 informace, dotazy, up\u0159esn\u011bn\u00ed term\u00ednu<\/label><textarea id=\"wpforms-651-field_7\" class=\"wpforms-field-medium\" name=\"wpforms[fields][7]\" ><\/textarea><div class=\"wpforms-field-description\">Zde m\u016f\u017eete napsat sv\u00e9 p\u0159\u00edpadn\u00e9 dotazy ohledn\u011b p\u0159edn\u00e1\u0161ky. A tak\u00e9 napi\u0161te, pros\u00edm, na kter\u00fd term\u00edn \u010di term\u00edny se hl\u00e1s\u00edte. <\/div><\/div><\/div><div class=\"wpforms-submit-container\"><input type=\"hidden\" name=\"wpforms[id]\" value=\"651\"><input type=\"hidden\" name=\"wpforms[author]\" value=\"1\"><button type=\"submit\" name=\"wpforms[submit]\" id=\"wpforms-submit-651\" class=\"wpforms-submit\" data-alt-text=\"Odes\u00edl\u00e1m...\" data-submit-text=\"Odeslat p\u0159ihl\u00e1\u0161ku\" aria-live=\"assertive\" value=\"wpforms-submit\">Odeslat p\u0159ihl\u00e1\u0161ku<\/button><img loading=\"lazy\" decoding=\"async\" src=\"https:\/\/www.kliczdravi.eu\/wp-content\/plugins\/wpforms-lite\/assets\/images\/submit-spin.svg\" class=\"wpforms-submit-spinner\" style=\"display: none;\" width=\"26\" height=\"26\" alt=\"Loading\"><\/div><\/form><\/div>  <!-- .wpforms-container -->","protected":false},"excerpt":{"rendered":"<p>JARO L\u00c9TO PODZIM ZIMA Voln\u00fd cyklus p\u0159edn\u00e1\u0161ek pro \u017eeny i mu\u017ee Zn\u00e1te to, je p\u00e1tek ve\u010der, v\u00edkend p\u0159ed n\u00e1mi. A d\u00edt\u011b jenom ho\u0159\u00ed, bol\u00ed ho v krku nebo m\u00e1 pr\u016fjem. P\u0159em\u00fd\u0161l\u00edte, co m\u00e1te ud\u011blat, abyste mu uleh\u010dili a zda se vydat na pohotovost \u010di nikoli. B\u011bhem m\u00fdch p\u0159edn\u00e1\u0161ek se nau\u010d\u00edte, jak zvl\u00e1dat b\u011b\u017en\u00e1 vych\u00fdlen\u00ed zdravotn\u00edho [&hellip;]<\/p>\n","protected":false},"author":1,"featured_media":0,"parent":19,"menu_order":-1,"comment_status":"closed","ping_status":"closed","template":"","meta":{"footnotes":""},"class_list":["post-629","page","type-page","status-publish","hentry"],"_links":{"self":[{"href":"https:\/\/www.kliczdravi.eu\/index.php?rest_route=\/wp\/v2\/pages\/629","targetHints":{"allow":["GET"]}}],"collection":[{"href":"https:\/\/www.kliczdravi.eu\/index.php?rest_route=\/wp\/v2\/pages"}],"about":[{"href":"https:\/\/www.kliczdravi.eu\/index.php?rest_route=\/wp\/v2\/types\/page"}],"author":[{"embeddable":true,"href":"https:\/\/www.kliczdravi.eu\/index.php?rest_route=\/wp\/v2\/users\/1"}],"replies":[{"embeddable":true,"href":"https:\/\/www.kliczdravi.eu\/index.php?rest_route=%2Fwp%2Fv2%2Fcomments&post=629"}],"version-history":[{"count":7,"href":"https:\/\/www.kliczdravi.eu\/index.php?rest_route=\/wp\/v2\/pages\/629\/revisions"}],"predecessor-version":[{"id":700,"href":"https:\/\/www.kliczdravi.eu\/index.php?rest_route=\/wp\/v2\/pages\/629\/revisions\/700"}],"up":[{"embeddable":true,"href":"https:\/\/www.kliczdravi.eu\/index.php?rest_route=\/wp\/v2\/pages\/19"}],"wp:attachment":[{"href":"https:\/\/www.kliczdravi.eu\/index.php?rest_route=%2Fwp%2Fv2%2Fmedia&parent=629"}],"curies":[{"name":"wp","href":"https:\/\/api.w.org\/{rel}","templated":true}]}}