{"id":606,"date":"2021-11-22T12:25:22","date_gmt":"2021-11-22T11:25:22","guid":{"rendered":"https:\/\/www.kliczdravi.eu\/?page_id=606"},"modified":"2025-01-03T22:45:31","modified_gmt":"2025-01-03T21:45:31","slug":"biodynamicky-kranio-vycvik-vycvik-ticha-a-klidu-dechu-zivota","status":"publish","type":"page","link":"https:\/\/www.kliczdravi.eu\/?page_id=606","title":{"rendered":"Dotek Srdcem"},"content":{"rendered":"\n<h2 class=\"wp-block-heading\"><em>v\u00fdcvik l\u00e9\u010div\u00e9ho doteku<\/em><\/h2>\n\n\n\n<p class=\"has-text-align-center\"><mark style=\"background-color:rgba(0, 0, 0, 0)\" class=\"has-inline-color has-vivid-red-color\"><br>             <\/mark><mark style=\"background-color:rgba(0, 0, 0, 0)\" class=\"has-inline-color has-light-green-cyan-color\"><br><\/mark><\/p>\n\n\n\n<figure class=\"wp-block-pullquote\"><blockquote><p><mark style=\"background-color:rgba(0, 0, 0, 0)\" class=\"has-inline-color has-vivid-red-color\"><strong>::: Momen\u00e1ln\u011b jsou v\u0161echny v\u00fdcviky napln\u011bny :::<\/strong><\/mark><br>v p\u0159\u00edpad\u011b z\u00e1jmu o v\u00fdcvik mne pros\u00edm kontaktujte telefonicky na n\u00ed\u017ee uveden\u00e9m telefonn\u00edm \u010d\u00edsle<\/p><\/blockquote><\/figure>\n\n\n\n<p>Po tis\u00edcilet\u00ed lid\u00e9 vyhled\u00e1vaj\u00ed l\u00e9\u010ditele, kte\u0159\u00ed tzv. p\u0159ikl\u00e1d\u00e1n\u00edm rukou um\u00ed uzdravovat t\u011blo i Du\u0161i. B\u00fdvaj\u00ed to lid\u00e9, kte\u0159\u00ed maj\u00ed nad\u00e1n\u00ed od Boha a sv\u00fdm bezpodm\u00edne\u010dn\u00fdm miluj\u00edc\u00edm p\u0159\u00edstupem pom\u00e1haj\u00ed uzdravovat star\u00e1 traumata, k\u0159ivdy a zran\u011bn\u00ed  a zprost\u0159edkovat hledaj\u00edc\u00edm pochopen\u00ed dan\u00fdch obt\u00ed\u017e\u00ed tak, aby se mohli uzdravit.<\/p>\n\n\n\n<p>Pak, p\u0159ed v\u00edce ne\u017e dv\u011bma tis\u00edci lety, zrodil se na zemi \u010clov\u011bk, kter\u00fd je synem Bo\u017e\u00edm. D\u00edky jeho zrozen\u00ed a n\u00e1sledn\u00e9mu k\u0159tu v Jord\u00e1nu v jeho 30 ti letech, mohl B\u016fh poprv\u00e9 za\u017e\u00edt naplno vt\u011blen\u00ed do lidsk\u00e9ho t\u011bla na Zemi a pochopit utrpen\u00ed, kter\u00fdm lid\u00e9 musej\u00ed b\u011bhem \u017eivota proch\u00e1zet. D\u00edky t\u00e9to Bo\u017e\u00ed ob\u011bti m\u00e1me my, lid\u00e9, svobodn\u00e9 J\u00e1, kter\u00e9 nen\u00ed v\u00e1z\u00e1no ani na Boha, ani na \u017e\u00e1dnou jinou bytost na\u0161eho Vesm\u00edru. Na\u0161\u00edm \u00fakolem v \u017eivot\u011b je zkrotit toto J\u00e1 tak, aby se ocitlo v Srdci a nalezlo onu bezmezn\u011b l\u00e9\u010divou s\u00edlu bezpodm\u00edne\u010dnosti a l\u00e1sky, Kristova impulzu, sjednocen\u00ed, sesterstv\u00ed, bratrstv\u00ed, vz\u00e1jemn\u00e9 \u00facty, pochopen\u00ed, respektu, soucitu, pokory a tvo\u0159en\u00ed v Souladu s Bohem a p\u0159\u00edrodou. <\/p>\n\n\n\n<p>A pr\u00e1v\u011b tyto principy budeme hledat a nach\u00e1zet v pr\u016fb\u011bhu dvoulet\u00e9ho v\u00fdcviku Doteku Srdcem. Sezn\u00e1m\u00edm T\u011b s anatomi\u00ed \u010dlov\u011bka po fyzick\u00e9 i duchovn\u00ed str\u00e1nce, i z esotern\u00edho, \u010di chce\u0161-li okultn\u00edho pohledu, se zp\u016fsobem, jak se napojit na l\u00e1skyplnou v\u0161eobj\u00edmaj\u00edc\u00ed Podstatu a uzdravit s\u00e1m\/a sebe, a posl\u00e9ze sv\u00fdm vlastn\u00edm uzdraven\u00edm pom\u00e1hat nal\u00e9zt cestu k uzdraven\u00ed druh\u00fdm, nau\u010d\u00ed\u0161 se nahl\u00ed\u017eet na zdrav\u00ed \u010dlov\u011bka z pohledu energetick\u00e9 medic\u00edny.  <\/p>\n\n\n\n<p><strong>V\u00fdcvik prob\u00edh\u00e1 v 11ti  \u010dty\u0159denn\u00edch bloc\u00edch, v\u017edy cca jednou za dva m\u011bs\u00edce.<\/strong> <\/p>\n\n\n\n<p>Pozor! Pouze pro odv\u00e1\u017en\u00e9 \u2013 tento v\u00fdcvik T\u011b uvede na cestu, kter\u00e1, pokud si to dovol\u00ed\u0161, zm\u011bn\u00ed Tv\u016fj \u017eivot, n\u00e1hled na sv\u011bt, zp\u016fsob my\u0161len\u00ed a zcela jist\u011b pak i Ty s\u00e1m\/sama zm\u011bnou sv\u00e9ho p\u0159\u00edstupu k \u017eivotu zprost\u0159edkuje\u0161 impulz\/prostor pro zm\u011bnu lidem, kte\u0159\u00ed s Tebou sd\u00edl\u00ed \u017eivot. V\u00fdcvik \u010derp\u00e1 z mnoha zdroj\u016f a m\u00fdch \u017eivotn\u00edch zku\u0161enost\u00ed. <\/p>\n\n\n\n<p>Pokud jsi takov\u00fdm odv\u00e1\u017elivcem, a m\u011bl\/a bys z\u00e1jem se nau\u010dit, jak poskytnout posv\u00e1tn\u00fd l\u00e9\u010debn\u00fd dotek a prostor pro dialog klienta s Bohem, vypl\u0148 p\u0159ihl\u00e1\u0161ku pod textem. Chce\u0161-li se nau\u010dit, jak \u017e\u00edt v\u011bdom\u00fd \u017eivot na ka\u017ed\u00e9m kroku, r\u00e1da T\u011b na v\u00fdcviku uv\u00edt\u00e1m&#8230; Toto nen\u00ed v\u00fdcvik osteopatie ani mechanick\u00e9 kraniosakr\u00e1ln\u00ed pr\u00e1ce, ani biodynamick\u00e9 kraniosakr\u00e1ln\u00ed pr\u00e1ce, ani pr\u00e1ce s \u010dakrami a aurou ve smyslu, ve kter\u00e9m jsou pov\u011bt\u0161inou u\u010deny. Je to technika, kter\u00e1 spont\u00e1nn\u011b vyplynula b\u011bhem m\u00e9 terapeutick\u00e9 pr\u00e1ce. Jde o velmi hlubokou l\u00e9\u010debnou techniku, kter\u00e1 je velmi vy\u017eivuj\u00edc\u00ed a poskytuj\u00edc\u00ed evoluci lidsk\u00e9 Bytosti a jej\u00edho v\u011bdom\u00e9 jako takov\u00e9ho. Sou\u010d\u00e1st\u00ed v\u00fdcviku jsou pravideln\u00e9 meditace a medita\u010dn\u00ed techniky, kter\u00e9 je t\u0159eba prov\u00e1d\u011bt i mimo v\u00fdcvik, a kter\u00e9 bude\u0161 moci p\u0159ed\u00e1vat sv\u00fdm klient\u016fm. <\/p>\n\n\n\n<p>Ka\u017ed\u00fd den ka\u017ed\u00e9ho bloku n\u00e1sleduje praktick\u00e1 \u010d\u00e1st v\u00fdcviku, \u00fa\u010dastn\u00edci si poskytuj\u00ed o\u0161et\u0159en\u00ed navz\u00e1jem, ka\u017ed\u00fd \u00fa\u010dastn\u00edk dostane a d\u00e1 jedno a\u017e dv\u011b o\u0161et\u0159en\u00ed denn\u011b, \u00fa\u010dastn\u00ed se r\u016fzn\u00fdch sebepozn\u00e1vac\u00edch cvi\u010den\u00ed a sezn\u00e1m\u00ed se s technikami zdrojov\u00e1n\u00ed, z\u00e1kladn\u00edmi metodami poradenstv\u00ed atd. Sou\u010d\u00e1st\u00ed v\u00fdcviku je i sezn\u00e1men\u00ed se z\u00e1kladn\u00edmi hmaty a technikami Kraniosakr\u00e1ln\u00ed biodynamiky i osteopatie v r\u00e1mci probr\u00e1n\u00ed historie t\u011bchto metod. Nau\u010d\u00edme o jednotliv\u00fdch \u010dakr\u00e1ch a jak se na n\u011b ladit, projdeme si i meridi\u00e1ny, jak vid\u00ed energii v\u00fdchodn\u00ed medic\u00edna. Mezi jednotliv\u00fdmi bloky je dobr\u00e9 absolvovat o\u0161et\u0159en\u00ed u praktik\u016f energetick\u00e9 medic\u00edny, kraniosakr\u00e1ln\u00ed biodynamiky, poskytovat si vz\u00e1jemn\u011b o\u0161et\u0159en\u00ed mezi sebou, absolvovat feedback a supervize. Dostanete i dom\u00e1c\u00ed \u00fakoly a nau\u010d\u00edte se pot\u0159ebn\u00e9 z\u00e1klady anatomie. <\/p>\n\n\n\n<p><strong>Pro koho je v\u00fdcvik ur\u010den:<\/strong> Pro terapeuty, l\u00e9ka\u0159e, zdravotn\u00ed sestry, porodn\u00ed asistentky, psychoterapeuty, pom\u00e1haj\u00edc\u00ed profese, fyzioterapeuty, instruktory j\u00f3gy, qigongu atd., ale tak\u00e9 ide\u00e1ln\u011b pro laick\u00e9 bytosti, proto\u017ee v\u00fdcvik je tak\u00e9 skv\u011bl\u00fdm zp\u016fsobem jak nastoupit sebezku\u0161enostn\u00ed pr\u00e1ci. Zdravotnick\u00e9 vzd\u011bl\u00e1n\u00ed tedy nen\u00ed podm\u00ednkou.<\/p>\n\n\n\n<p>Na za\u010d\u00e1tku ka\u017ed\u00e9ho bloku kurzu dostane\u0161 materi\u00e1ly ke studiu a z\u00e1kladn\u00ed informace jak terapii poskytovat, z\u00e1kladn\u00ed informace o projevech jednotliv\u00fdch \u010d\u00e1st\u00ed t\u011bla a energetick\u00e9ho pole, n\u00e1vod jak\u00fdm zp\u016fsobem se dot\u00fdkat o\u0161et\u0159ovan\u00e9ho a jak si s\u00e1m\/sama udr\u017eet sv\u00e9 pole, jak setrv\u00e1vat ve sv\u00e9m srdci a vytvo\u0159it bezpe\u010dn\u00e9 pole pro o\u0161et\u0159ovan\u00e9ho.<\/p>\n\n\n\n<p>Nejd\u016fle\u017eit\u011bj\u0161\u00ed je praktick\u00e1 \u010d\u00e1st v\u00fdcviku, r\u016fzn\u00e1 sebezku\u0161enostn\u00ed cvi\u010den\u00ed, meditace. U\u010d\u00edme se jak se z prostoru &#8222;hlavy&#8220;, &#8222;posuzov\u00e1n\u00ed&#8220; a &#8222;rozumu&#8220; p\u0159esunout to prostoru &#8222;srdce&#8220;, &#8222;bezpodm\u00edne\u010dnosti&#8220; a &#8222;l\u00e1sky&#8220;. \u00da\u010dastn\u00edci si poskytuj\u00ed o\u0161et\u0159en\u00ed navz\u00e1jem, jedno a\u017e dv\u011b o\u0161et\u0159en\u00ed denn\u011b, \u00fa\u010dastn\u00ed se r\u016fzn\u00fdch sebepozn\u00e1vac\u00edch cvi\u010den\u00ed a meditac\u00ed a sezn\u00e1m\u00ed se s technikami zdrojov\u00e1n\u00ed, psychohygieny. <strong>V\u00fdcvik je z velk\u00e9 \u010d\u00e1sti sebezku\u0161enostn\u00ed a \u00fa\u010dast na n\u011bm pravd\u011bpodobn\u011b prom\u011bn\u00ed n\u00e1hled na sv\u011bt a jeho uspo\u0159\u00e1d\u00e1n\u00ed, i Tv\u016fj p\u0159\u00edstup k druh\u00fdm lidem. <\/strong><\/p>\n\n\n\n<p>V ka\u017ed\u00e9m bloku Ti budou t\u00e9\u017e zad\u00e1ny dom\u00e1c\u00ed \u00fakoly, nau\u010d\u00ed\u0161 se pot\u0159ebn\u00e9 z\u00e1klady anatomie (a\u0165 u\u017e fyzick\u00e9ho nebo jemnohmotn\u00fdch t\u011bl) d\u00e1le je p\u0159edeps\u00e1no mno\u017estv\u00ed vz\u00e1jemn\u00fdch o\u0161et\u0159en\u00ed mimo dny v\u00fdcviku, v\u00fdcvik je uzav\u0159en p\u00edsemnou z\u00e1v\u011bre\u010dnou prac\u00ed, jej\u00ed\u017e t\u00e9ma si sami vyberete v pr\u016fb\u011bhu v\u00fdcviku, sou\u010d\u00e1st\u00ed je supervize a feedback (nutn\u00e9 pro z\u00edsk\u00e1n\u00ed certifik\u00e1tu o absolvov\u00e1n\u00ed).<\/p>\n\n\n\n<p><strong>M\u00edsto kon\u00e1n\u00ed: <\/strong>V\u00fdcvik se kon\u00e1 v jiho\u010desk\u00e9m m\u011bste\u010dku Nad\u011bjkov, 20 km od T\u00e1bora. <\/p>\n\n\n\n<p><\/p>\n\n\n\n<p><a rel=\"noreferrer noopener\" href=\"https:\/\/www.kliczdravi.eu\/?page_id=684\" data-type=\"URL\" data-id=\"https:\/\/www.kliczdravi.eu\/?page_id=684\" target=\"_blank\">Zde si m\u016f\u017eete p\u0159e\u010d\u00edst, co o v\u00fdcviku \u0159ekli \u00fa\u010dastn\u00edci p\u0159edchoz\u00edch ro\u010dn\u00edk\u016f.<\/a><\/p>\n\n\n\n<p><strong>Pokud m\u00e1te z\u00e1jem o dal\u0161\u00ed informace a chcete se p\u0159ihl\u00e1sit na v\u00fdcvik, vypl\u0148te, pros\u00edm, p\u0159ihl\u00e1\u0161ku, a j\u00e1 V\u00e1s budu kontaktovat s dal\u0161\u00edmi informacemi o v\u00fdcviku. Pro osobn\u00ed kontakt m\u016f\u017eete vyu\u017e\u00edt telefon 777 553 858 nebo <a href=\"ludmila@kliczdravi.eu\">email<\/a>. <\/strong><\/p>\n\n\n<div class=\"wpforms-container wpforms-container-full\" id=\"wpforms-601\"><form id=\"wpforms-form-601\" class=\"wpforms-validate wpforms-form wpforms-ajax-form\" data-formid=\"601\" method=\"post\" enctype=\"multipart\/form-data\" action=\"\/index.php?rest_route=%2Fwp%2Fv2%2Fpages%2F606\" data-token=\"42952189af926fbdb6e02efc84619c79\"><noscript class=\"wpforms-error-noscript\">Please enable JavaScript in your browser to complete this form.<\/noscript><div class=\"wpforms-field-container\"><div id=\"wpforms-601-field_1-container\" class=\"wpforms-field wpforms-field-name\" data-field-id=\"1\"><label class=\"wpforms-field-label\" for=\"wpforms-601-field_1\">Jm\u00e9no a p\u0159\u00edjmen\u00ed <span class=\"wpforms-required-label\">*<\/span><\/label><input type=\"text\" id=\"wpforms-601-field_1\" class=\"wpforms-field-medium wpforms-field-required\" name=\"wpforms[fields][1]\" required><\/div><div id=\"wpforms-601-field_2-container\" class=\"wpforms-field wpforms-field-email\" data-field-id=\"2\"><label class=\"wpforms-field-label\" for=\"wpforms-601-field_2\">Email <span class=\"wpforms-required-label\">*<\/span><\/label><input type=\"email\" id=\"wpforms-601-field_2\" class=\"wpforms-field-medium wpforms-field-required\" name=\"wpforms[fields][2]\" required><\/div><div id=\"wpforms-601-field_11-container\" class=\"wpforms-field wpforms-field-text\" data-field-id=\"11\"><label class=\"wpforms-field-label\" for=\"wpforms-601-field_11\">Telefonn\u00ed \u010d\u00edslo <span class=\"wpforms-required-label\">*<\/span><\/label><input type=\"text\" id=\"wpforms-601-field_11\" class=\"wpforms-field-medium wpforms-field-required\" name=\"wpforms[fields][11]\" required><\/div><div id=\"wpforms-601-field_7-container\" class=\"wpforms-field wpforms-field-textarea\" data-field-id=\"7\"><label class=\"wpforms-field-label\" for=\"wpforms-601-field_7\">Na v\u00fd\u0161e uveden\u00fd email V\u00e1m za\u0161lu detaily k platb\u011b z\u00e1lohy. Je\u0161t\u011b mi pros\u00edm napi\u0161t\u011b n\u011bkolik informac\u00ed o sob\u011b. D\u011bkuji. <span class=\"wpforms-required-label\">*<\/span><\/label><textarea id=\"wpforms-601-field_7\" class=\"wpforms-field-medium wpforms-field-required\" name=\"wpforms[fields][7]\" required><\/textarea><\/div><\/div><div class=\"wpforms-submit-container\"><input type=\"hidden\" name=\"wpforms[id]\" value=\"601\"><input type=\"hidden\" name=\"wpforms[author]\" value=\"1\"><button type=\"submit\" name=\"wpforms[submit]\" id=\"wpforms-submit-601\" class=\"wpforms-submit\" data-alt-text=\"Odes\u00edl\u00e1m...\" data-submit-text=\"Odeslat p\u0159ihl\u00e1\u0161ku\" aria-live=\"assertive\" value=\"wpforms-submit\">Odeslat p\u0159ihl\u00e1\u0161ku<\/button><img loading=\"lazy\" decoding=\"async\" src=\"https:\/\/www.kliczdravi.eu\/wp-content\/plugins\/wpforms-lite\/assets\/images\/submit-spin.svg\" class=\"wpforms-submit-spinner\" style=\"display: none;\" width=\"26\" height=\"26\" alt=\"Loading\"><\/div><\/form><\/div>  <!-- .wpforms-container -->","protected":false},"excerpt":{"rendered":"<p>v\u00fdcvik l\u00e9\u010div\u00e9ho doteku ::: Momen\u00e1ln\u011b jsou v\u0161echny v\u00fdcviky napln\u011bny :::v p\u0159\u00edpad\u011b z\u00e1jmu o v\u00fdcvik mne pros\u00edm kontaktujte telefonicky na n\u00ed\u017ee uveden\u00e9m telefonn\u00edm \u010d\u00edsle Po tis\u00edcilet\u00ed lid\u00e9 vyhled\u00e1vaj\u00ed l\u00e9\u010ditele, kte\u0159\u00ed tzv. p\u0159ikl\u00e1d\u00e1n\u00edm rukou um\u00ed uzdravovat t\u011blo i Du\u0161i. B\u00fdvaj\u00ed to lid\u00e9, kte\u0159\u00ed maj\u00ed nad\u00e1n\u00ed od Boha a sv\u00fdm bezpodm\u00edne\u010dn\u00fdm miluj\u00edc\u00edm p\u0159\u00edstupem pom\u00e1haj\u00ed uzdravovat star\u00e1 traumata, k\u0159ivdy [&hellip;]<\/p>\n","protected":false},"author":1,"featured_media":0,"parent":0,"menu_order":0,"comment_status":"closed","ping_status":"closed","template":"","meta":{"footnotes":""},"class_list":["post-606","page","type-page","status-publish","hentry"],"_links":{"self":[{"href":"https:\/\/www.kliczdravi.eu\/index.php?rest_route=\/wp\/v2\/pages\/606","targetHints":{"allow":["GET"]}}],"collection":[{"href":"https:\/\/www.kliczdravi.eu\/index.php?rest_route=\/wp\/v2\/pages"}],"about":[{"href":"https:\/\/www.kliczdravi.eu\/index.php?rest_route=\/wp\/v2\/types\/page"}],"author":[{"embeddable":true,"href":"https:\/\/www.kliczdravi.eu\/index.php?rest_route=\/wp\/v2\/users\/1"}],"replies":[{"embeddable":true,"href":"https:\/\/www.kliczdravi.eu\/index.php?rest_route=%2Fwp%2Fv2%2Fcomments&post=606"}],"version-history":[{"count":26,"href":"https:\/\/www.kliczdravi.eu\/index.php?rest_route=\/wp\/v2\/pages\/606\/revisions"}],"predecessor-version":[{"id":951,"href":"https:\/\/www.kliczdravi.eu\/index.php?rest_route=\/wp\/v2\/pages\/606\/revisions\/951"}],"wp:attachment":[{"href":"https:\/\/www.kliczdravi.eu\/index.php?rest_route=%2Fwp%2Fv2%2Fmedia&parent=606"}],"curies":[{"name":"wp","href":"https:\/\/api.w.org\/{rel}","templated":true}]}}