{"id":581,"date":"2021-06-14T11:51:04","date_gmt":"2021-06-14T09:51:04","guid":{"rendered":"https:\/\/www.kliczdravi.eu\/?page_id=581"},"modified":"2021-11-22T12:35:19","modified_gmt":"2021-11-22T11:35:19","slug":"pobyt-a-vycvik","status":"publish","type":"page","link":"https:\/\/www.kliczdravi.eu\/?page_id=581","title":{"rendered":"Pobyt a v\u00fdcvik"},"content":{"rendered":"\n<p>N\u011bkdy \u010dlov\u011bk pot\u0159ebuje vypnout a vystoupit ze zab\u011bhan\u00fdch kolej\u00ed, odjet n\u011bkam, kde nen\u00ed nikdo, kdo ho zn\u00e1, s\u00e1m se sebou a se sv\u00fdmi st\u00edny. Pak ho t\u0159eba oslov\u00ed nab\u00eddka <a href=\"https:\/\/www.kliczdravi.eu\/?page_id=569\" data-type=\"page\" data-id=\"569\">Intenz\u00edvn\u00edho l\u00e9\u010debn\u00e9ho pobytu<\/a> .<\/p>\n\n\n\n<p>A mo\u017en\u00e1 b\u011bhem kranio o\u0161et\u0159en\u00ed zjist\u00edte, \u017ee V\u00e1s kranio zaj\u00edm\u00e1 v\u00edc, ne\u017e jen jako klienta, a \u017ee byste se cht\u011bli nau\u010dit poskytovat z\u00e1kladn\u00ed o\u0161et\u0159en\u00ed sv\u00fdm bl\u00edzk\u00fdm v p\u0159\u00edpad\u011b pot\u0159eby a mo\u017en\u00e1 v\u00e1s absolvov\u00e1n\u00ed <a href=\"https:\/\/www.kliczdravi.eu\/?page_id=570\" data-type=\"page\" data-id=\"570\">Individu\u00e1ln\u00edho biodynamick\u00e9ho kranio v\u00fdcviku \u2013 v\u00fdcviku Ticha a klidu Dechu \u017divota pro za\u010d\u00e1te\u010dn\u00edky<\/a> tak zaujme, \u017ee budete cht\u00edt je\u0161t\u011b prohloubit sv\u00e9 znalosti a zpracovat sv\u00e1 traumata tak, abyste mohli pom\u00e1hat sob\u011b i druh\u00fdm ve v\u011bt\u0161\u00edm rozsahu. Pak se m\u016f\u017eete p\u0159ihl\u00e1sit <a href=\"https:\/\/www.kliczdravi.eu\/?page_id=606\">Biodynamick\u00e9ho kranio v\u00fdcviku \u2013 Cesty srdce ticha a klidu Dechu \u017divota<\/a>. <\/p>\n\n\n\n<p><\/p>\n","protected":false},"excerpt":{"rendered":"<p>N\u011bkdy \u010dlov\u011bk pot\u0159ebuje vypnout a vystoupit ze zab\u011bhan\u00fdch kolej\u00ed, odjet n\u011bkam, kde nen\u00ed nikdo, kdo ho zn\u00e1, s\u00e1m se sebou a se sv\u00fdmi st\u00edny. Pak ho t\u0159eba oslov\u00ed nab\u00eddka Intenz\u00edvn\u00edho l\u00e9\u010debn\u00e9ho pobytu . A mo\u017en\u00e1 b\u011bhem kranio o\u0161et\u0159en\u00ed zjist\u00edte, \u017ee V\u00e1s kranio zaj\u00edm\u00e1 v\u00edc, ne\u017e jen jako klienta, a \u017ee byste se cht\u011bli nau\u010dit poskytovat [&hellip;]<\/p>\n","protected":false},"author":1,"featured_media":0,"parent":0,"menu_order":0,"comment_status":"closed","ping_status":"closed","template":"","meta":{"footnotes":""},"class_list":["post-581","page","type-page","status-publish","hentry"],"_links":{"self":[{"href":"https:\/\/www.kliczdravi.eu\/index.php?rest_route=\/wp\/v2\/pages\/581","targetHints":{"allow":["GET"]}}],"collection":[{"href":"https:\/\/www.kliczdravi.eu\/index.php?rest_route=\/wp\/v2\/pages"}],"about":[{"href":"https:\/\/www.kliczdravi.eu\/index.php?rest_route=\/wp\/v2\/types\/page"}],"author":[{"embeddable":true,"href":"https:\/\/www.kliczdravi.eu\/index.php?rest_route=\/wp\/v2\/users\/1"}],"replies":[{"embeddable":true,"href":"https:\/\/www.kliczdravi.eu\/index.php?rest_route=%2Fwp%2Fv2%2Fcomments&post=581"}],"version-history":[{"count":6,"href":"https:\/\/www.kliczdravi.eu\/index.php?rest_route=\/wp\/v2\/pages\/581\/revisions"}],"predecessor-version":[{"id":612,"href":"https:\/\/www.kliczdravi.eu\/index.php?rest_route=\/wp\/v2\/pages\/581\/revisions\/612"}],"wp:attachment":[{"href":"https:\/\/www.kliczdravi.eu\/index.php?rest_route=%2Fwp%2Fv2%2Fmedia&parent=581"}],"curies":[{"name":"wp","href":"https:\/\/api.w.org\/{rel}","templated":true}]}}