{"id":570,"date":"2021-06-14T11:30:19","date_gmt":"2021-06-14T09:30:19","guid":{"rendered":"https:\/\/www.kliczdravi.eu\/?page_id=570"},"modified":"2024-03-09T08:35:31","modified_gmt":"2024-03-09T07:35:31","slug":"individualni-biodynamicky-kranio-vycvik-vycvik-ticha-a-klidu-dechu-zivota-pro-zacatecniky","status":"publish","type":"page","link":"https:\/\/www.kliczdravi.eu\/?page_id=570","title":{"rendered":"Individu\u00e1ln\u00ed biodynamick\u00fd kranio v\u00fdcvik &#8211; v\u00fdcvik Ticha a klidu Dechu \u017divota pro za\u010d\u00e1te\u010dn\u00edky"},"content":{"rendered":"\n<p>Pozor! Pouze pro odv\u00e1\u017en\u00e9 &#8211; tento v\u00fdcvik V\u00e1s uvede na cestu, kter\u00e1, pokud si to dovol\u00edte, zm\u011bn\u00ed V\u00e1\u0161 \u017eivot, n\u00e1hled na sv\u011bt, zp\u016fsob my\u0161len\u00ed a mo\u017en\u00e1 i Vy sami potom zm\u011bn\u00edte lidi, kte\u0159\u00ed s V\u00e1mi sd\u00edl\u00ed \u017eivot. <\/p>\n\n\n\n<p>Pokud jsi takov\u00fdm odv\u00e1\u017elivcem,  a m\u011bl\/a bys z\u00e1jem o z\u00e1kladn\u00ed biodynamick\u00fd kranio v\u00fdcvik &#8211; v\u00fdcvik Ticha a klidu Dechu \u017divota, bylo by dobr\u00e9 naj\u00edt si par\u0165\u00e1ka, kter\u00fd se s Tebou bude &#8222;u\u010dit&#8220;, abyste si mohli na kurzu terapii poskytovat navz\u00e1jem, u\u010dit se jeden od druh\u00e9ho. P\u0159\u00edpadn\u011b se mi ozv\u011bte a sd\u00edlejte se mnou sv\u016fj z\u00e1jem, a j\u00e1 V\u00e1s pak &#8222;sp\u00e1ruji&#8220; s dal\u0161\u00edm z\u00e1jemcem. I to m\u016f\u017ee b\u00fdt dost zaj\u00edmav\u00fd zp\u016fsob. J\u00e1 budu d\u011blat supervizora a udr\u017eovat pole, provedu V\u00e1s o\u0161et\u0159en\u00edm. <\/p>\n\n\n\n<p>Na za\u010d\u00e1tku ka\u017ed\u00e9ho bloku kurzu dostane\u0161 materi\u00e1ly ke studiu a z\u00e1kladn\u00ed informace jak terapii poskytovat, z\u00e1kladn\u00ed informace o projevech jednotliv\u00fdch \u010d\u00e1st\u00ed t\u011bla a energetick\u00e9ho pole, n\u00e1vod jak\u00fdm zp\u016fsobem se dot\u00fdkat o\u0161et\u0159ovan\u00e9ho a jak si s\u00e1m\/sama udr\u017eet sv\u00e9 pole a vytvo\u0159it bezpe\u010dn\u00e9 pole pro o\u0161et\u0159ovan\u00e9ho.<\/p>\n\n\n\n<p>Pak n\u00e1sleduje praktick\u00e1 \u010d\u00e1st v\u00fdcviku, \u00fa\u010dastn\u00edci si poskytuj\u00ed o\u0161et\u0159en\u00ed navz\u00e1jem, jedno a\u017e dv\u011b o\u0161et\u0159en\u00ed denn\u011b, \u00fa\u010dastn\u00ed se r\u016fzn\u00fdch sebepozn\u00e1vac\u00edch cvi\u010den\u00ed a sezn\u00e1m\u00ed se s technikami zdrojov\u00e1n\u00ed apod. M\u016f\u017ee to b\u00fdt formou t\u00fddenn\u00edho pobytu (sedm dn\u00ed).  Za\u010d\u00e1tek by byl v ned\u011bli a konec v sobotu. <\/p>\n\n\n\n<p>V p\u0159\u00edpad\u011b z\u00e1jmu o hlub\u0161\u00ed studium je mo\u017en\u00e9 pokra\u010dovat ve v\u00fdcviku pro pokro\u010dil\u00e9, kter\u00fd obsahuje deset \u010dty\u0159denn\u00edch blok\u016f ve spole\u010dnosti dal\u0161\u00edch \u0161esti dvojic. Zde jsou ji\u017e i dom\u00e1c\u00ed \u00fakoly, nau\u010d\u00edte se pot\u0159ebn\u00e9 z\u00e1klady anatomie apod. <\/p>\n\n\n\n<p>V p\u0159\u00edpad\u011b z\u00e1jmu mi napi\u0161te nebo zavolejte.  <\/p>\n","protected":false},"excerpt":{"rendered":"<p>Pozor! Pouze pro odv\u00e1\u017en\u00e9 &#8211; tento v\u00fdcvik V\u00e1s uvede na cestu, kter\u00e1, pokud si to dovol\u00edte, zm\u011bn\u00ed V\u00e1\u0161 \u017eivot, n\u00e1hled na sv\u011bt, zp\u016fsob my\u0161len\u00ed a mo\u017en\u00e1 i Vy sami potom zm\u011bn\u00edte lidi, kte\u0159\u00ed s V\u00e1mi sd\u00edl\u00ed \u017eivot. Pokud jsi takov\u00fdm odv\u00e1\u017elivcem, a m\u011bl\/a bys z\u00e1jem o z\u00e1kladn\u00ed biodynamick\u00fd kranio v\u00fdcvik &#8211; v\u00fdcvik Ticha a klidu [&hellip;]<\/p>\n","protected":false},"author":1,"featured_media":311,"parent":0,"menu_order":0,"comment_status":"closed","ping_status":"closed","template":"","meta":{"footnotes":""},"class_list":["post-570","page","type-page","status-publish","has-post-thumbnail","hentry"],"_links":{"self":[{"href":"https:\/\/www.kliczdravi.eu\/index.php?rest_route=\/wp\/v2\/pages\/570","targetHints":{"allow":["GET"]}}],"collection":[{"href":"https:\/\/www.kliczdravi.eu\/index.php?rest_route=\/wp\/v2\/pages"}],"about":[{"href":"https:\/\/www.kliczdravi.eu\/index.php?rest_route=\/wp\/v2\/types\/page"}],"author":[{"embeddable":true,"href":"https:\/\/www.kliczdravi.eu\/index.php?rest_route=\/wp\/v2\/users\/1"}],"replies":[{"embeddable":true,"href":"https:\/\/www.kliczdravi.eu\/index.php?rest_route=%2Fwp%2Fv2%2Fcomments&post=570"}],"version-history":[{"count":6,"href":"https:\/\/www.kliczdravi.eu\/index.php?rest_route=\/wp\/v2\/pages\/570\/revisions"}],"predecessor-version":[{"id":835,"href":"https:\/\/www.kliczdravi.eu\/index.php?rest_route=\/wp\/v2\/pages\/570\/revisions\/835"}],"wp:featuredmedia":[{"embeddable":true,"href":"https:\/\/www.kliczdravi.eu\/index.php?rest_route=\/wp\/v2\/media\/311"}],"wp:attachment":[{"href":"https:\/\/www.kliczdravi.eu\/index.php?rest_route=%2Fwp%2Fv2%2Fmedia&parent=570"}],"curies":[{"name":"wp","href":"https:\/\/api.w.org\/{rel}","templated":true}]}}