{"id":569,"date":"2021-06-07T18:52:08","date_gmt":"2021-06-07T16:52:08","guid":{"rendered":"https:\/\/www.kliczdravi.eu\/?page_id=569"},"modified":"2025-12-16T12:56:09","modified_gmt":"2025-12-16T11:56:09","slug":"intenzivni-lecebny-pobyt","status":"publish","type":"page","link":"https:\/\/www.kliczdravi.eu\/?page_id=569","title":{"rendered":"Intenz\u00edvn\u00ed terapeutick\u00fd pobyt"},"content":{"rendered":"\n<p>Kone\u010dn\u011b nazr\u00e1l \u010das na p\u011btidenn\u00ed l\u00e9\u010debn\u00fd pobyt s kranio-o\u0161et\u0159en\u00edm. <br>Ka\u017ed\u00fd den T\u011b \u010dek\u00e1 jedno nebo dv\u011b o\u0161et\u0159en\u00ed, podle Tv\u00e9 pot\u0159eby a celkov\u00e9ho nalad\u011bn\u00ed. Pokud si Tv\u016fj syst\u00e9m ne\u0159ekne jinak. Samoz\u0159ejmost\u00ed je psychoterapie v pr\u016fb\u011bhu cel\u00e9ho pobytu.<\/p>\n\n\n\n<p>Dal\u0161\u00ed \u010d\u00e1st terapie b\u00fdv\u00e1 pr\u00e1ce v &#8222;terapeutick\u00e9&#8220; zahrad\u011b, m\u016f\u017ee\u0161 se dozv\u011bd\u011bt n\u011bco o permakultu\u0159e a biodynamick\u00e9m zahradni\u010den\u00ed, pracovat na zahrad\u011b, pokud bude\u0161 cht\u00edt, p\u0159\u00edpadn\u011b spolupracovat p\u0159i v\u00fdrob\u011b s\u00fdra, pe\u010den\u00ed kv\u00e1skov\u00e9ho chleba atd. Prost\u011b takov\u00fd \u017eivot na statku dle Tvoj\u00ed volby. M\u016f\u017ee\u0161 se koupat v na\u0161em mal\u00e9m rybn\u00ed\u010dku, nebo ve velk\u00e9m rybn\u00edku Kadoch u Parkhotelu, a pokud bude\u0161 m\u00edt pot\u0159ebu b\u00fdt s\u00e1m\/sama, m\u016f\u017ee\u0161 p\u0159ij\u00edt pouze na o\u0161et\u0159en\u00ed a j\u00eddlo. Kdy\u017e bude\u0161 tady na pobytu, nebudu o\u0161et\u0159ovat nikoho jin\u00e9ho, s v\u00fdjimkou akutn\u00edch p\u0159\u00edpad\u016f. Pokud bude n\u011bkdo z m\u00fdch klient\u016f akutn\u011b pot\u0159ebovat o\u0161et\u0159en\u00ed, pak si vyhrazuji pr\u00e1vo na jeho poskytnut\u00ed. <\/p>\n\n\n\n<p>Pobyt u n\u00e1s vypad\u00e1 tak, \u017ee ubytov\u00e1n\u00ed a stravu si hrad\u00ed\u0161 s\u00e1m\/a. Nab\u00edz\u00edme na\u0161i dom\u00e1c\u00ed \u017eivou stravu  z dom\u00e1c\u00ed kuchyn\u011b, jde v\u011bt\u0161inou o na\u0161e vlastn\u00ed v\u00fdrobky a v\u00fdp\u011bstky, zeleninu a ovoce. Pokud bude\u0161 cht\u00edt poskytnout finan\u010dn\u00ed \u010di jin\u00fd dar a p\u0159isp\u011bt tak k chodu terapeutick\u00e9ho statku, budeme r\u00e1di.<\/p>\n\n\n\n<p>Ubytovat se je mo\u017en\u00e9 ve vlastn\u00edm stanu na zahrad\u011b, nebo v nov\u011b zrekonstruovan\u00e9m Parkhotelu Mozolov. (https:\/\/www.parkhotelmozolov.cz\/), kter\u00fd je odsud cca 5 minut ch\u016fze.<\/p>\n\n\n\n<p>V p\u0159\u00edpad\u011b z\u00e1jmu o tento druh pobytu mi napi\u0161 nebo zavolej ohledn\u011b dal\u0161\u00edch informac\u00ed a term\u00edn\u016f.<\/p>\n","protected":false},"excerpt":{"rendered":"<p>Kone\u010dn\u011b nazr\u00e1l \u010das na p\u011btidenn\u00ed l\u00e9\u010debn\u00fd pobyt s kranio-o\u0161et\u0159en\u00edm. Ka\u017ed\u00fd den T\u011b \u010dek\u00e1 jedno nebo dv\u011b o\u0161et\u0159en\u00ed, podle Tv\u00e9 pot\u0159eby a celkov\u00e9ho nalad\u011bn\u00ed. Pokud si Tv\u016fj syst\u00e9m ne\u0159ekne jinak. Samoz\u0159ejmost\u00ed je psychoterapie v pr\u016fb\u011bhu cel\u00e9ho pobytu. Dal\u0161\u00ed \u010d\u00e1st terapie b\u00fdv\u00e1 pr\u00e1ce v &#8222;terapeutick\u00e9&#8220; zahrad\u011b, m\u016f\u017ee\u0161 se dozv\u011bd\u011bt n\u011bco o permakultu\u0159e a biodynamick\u00e9m zahradni\u010den\u00ed, pracovat na [&hellip;]<\/p>\n","protected":false},"author":1,"featured_media":128,"parent":0,"menu_order":0,"comment_status":"closed","ping_status":"closed","template":"","meta":{"footnotes":""},"class_list":["post-569","page","type-page","status-publish","has-post-thumbnail","hentry"],"_links":{"self":[{"href":"https:\/\/www.kliczdravi.eu\/index.php?rest_route=\/wp\/v2\/pages\/569","targetHints":{"allow":["GET"]}}],"collection":[{"href":"https:\/\/www.kliczdravi.eu\/index.php?rest_route=\/wp\/v2\/pages"}],"about":[{"href":"https:\/\/www.kliczdravi.eu\/index.php?rest_route=\/wp\/v2\/types\/page"}],"author":[{"embeddable":true,"href":"https:\/\/www.kliczdravi.eu\/index.php?rest_route=\/wp\/v2\/users\/1"}],"replies":[{"embeddable":true,"href":"https:\/\/www.kliczdravi.eu\/index.php?rest_route=%2Fwp%2Fv2%2Fcomments&post=569"}],"version-history":[{"count":7,"href":"https:\/\/www.kliczdravi.eu\/index.php?rest_route=\/wp\/v2\/pages\/569\/revisions"}],"predecessor-version":[{"id":1084,"href":"https:\/\/www.kliczdravi.eu\/index.php?rest_route=\/wp\/v2\/pages\/569\/revisions\/1084"}],"wp:featuredmedia":[{"embeddable":true,"href":"https:\/\/www.kliczdravi.eu\/index.php?rest_route=\/wp\/v2\/media\/128"}],"wp:attachment":[{"href":"https:\/\/www.kliczdravi.eu\/index.php?rest_route=%2Fwp%2Fv2%2Fmedia&parent=569"}],"curies":[{"name":"wp","href":"https:\/\/api.w.org\/{rel}","templated":true}]}}