{"id":490,"date":"2020-10-10T23:12:33","date_gmt":"2020-10-10T21:12:33","guid":{"rendered":"https:\/\/www.kliczdravi.eu\/?page_id=490"},"modified":"2020-10-10T23:17:36","modified_gmt":"2020-10-10T21:17:36","slug":"terapeuticka-zahrada-terapeuticky-statek","status":"publish","type":"page","link":"https:\/\/www.kliczdravi.eu\/?page_id=490","title":{"rendered":"Terapeutick\u00e1 zahrada a terapeutick\u00fd statek"},"content":{"rendered":"\n<p>V letn\u00edch m\u011bs\u00edc\u00edch poskytujeme relaxa\u010dn\u00ed a medita\u010dn\u00ed prostor na na\u0161em statku a v na\u0161\u00ed  zahrad\u011b. <br><br>B\u011bhem zahradn\u00edch prac\u00ed a o\u0161et\u0159ov\u00e1n\u00ed zv\u00ed\u0159at, tradi\u010dn\u00edch prac\u00ed, kter\u00e9 vykon\u00e1vali na\u0161i p\u0159edkov\u00e9, jak\u00fdm je s\u00e1zen\u00ed, set\u00ed, okop\u00e1v\u00e1n\u00ed, sklize\u0148 plodin a bylin, kyd\u00e1n\u00ed hnoje, kosen\u00ed louky, su\u0161en\u00ed sena, krmen\u00ed zv\u00ed\u0159at, dojen\u00ed, pe\u010den\u00ed chleba, tradi\u010dn\u00ed metody uchov\u00e1v\u00e1n\u00ed ovoce a zeleniny, prac\u00ed se d\u0159evem se napoj\u00edte zp\u011bt na p\u016fvodn\u00ed zp\u016fsob \u017eivota v Tady a te\u010f.<br> <br>D\u011bl\u00e1te jen to, co je v dan\u00fd moment d\u016fle\u017eit\u00e9 pro terapeutickou zahradu a jej\u00ed obyvatele (rozum\u011bj zv\u00ed\u0159ata). Chyst\u00e1me tak\u00e9 vybudovat prostor a poskytnout doprovod pro zdravotn\u011b a t\u011blesn\u011b posti\u017een\u00e9, kter\u00fdm chceme vybudovat vlastn\u00ed vyv\u00fd\u0161en\u00e9 z\u00e1hony tak, aby se mohli propojit se Zem\u00ed i p\u0159es omezen\u00ed sv\u00e9ho t\u011bla.<br><br>Medita\u010dn\u00ed prostor a mo\u017enost o\u0161et\u0159en\u00ed b\u011bhem t\u00fddenn\u00edho pobytu u n\u00e1s, koup\u00e1n\u00ed v rybn\u00ed\u010dku s pitnou vodou, proch\u00e1zky po okol\u00ed, to v\u0161e pom\u00e1h\u00e1 z\u00edskat \u010dlov\u011bku odstup od ka\u017edodenn\u00ed rutiny a znovu napojen\u00ed se na sebe sama a pravdiv\u011b se pod\u00edvat na svou situaci, p\u0159ehodnocen\u00ed hodnotov\u00e9ho \u017eeb\u0159\u00ed\u010dku a vlastn\u00edch priorit.<br> <br>Pobyt u n\u00e1s je vpravd\u011b hluboce transformuj\u00edc\u00ed a terapeutick\u00fd, a nikdo od n\u00e1s neodj\u00ed\u017ed\u00ed nezm\u011bn\u011bn, z v\u011bt\u0161iny klient\u016f se st\u00e1vaj\u00ed p\u0159\u00e1tel\u00e9, kte\u0159\u00ed se pak k n\u00e1m r\u00e1di vracej\u00ed. <\/p>\n\n\n\n<p>Pro v\u00edce informac\u00ed o pobytu n\u00e1m <a href=\"https:\/\/www.kliczdravi.eu\/?page_id=80\">napi\u0161te email nebo zavolejte.<\/a><\/p>\n","protected":false},"excerpt":{"rendered":"<p>V letn\u00edch m\u011bs\u00edc\u00edch poskytujeme relaxa\u010dn\u00ed a medita\u010dn\u00ed prostor na na\u0161em statku a v na\u0161\u00ed zahrad\u011b. B\u011bhem zahradn\u00edch prac\u00ed a o\u0161et\u0159ov\u00e1n\u00ed zv\u00ed\u0159at, tradi\u010dn\u00edch prac\u00ed, kter\u00e9 vykon\u00e1vali na\u0161i p\u0159edkov\u00e9, jak\u00fdm je s\u00e1zen\u00ed, set\u00ed, okop\u00e1v\u00e1n\u00ed, sklize\u0148 plodin a bylin, kyd\u00e1n\u00ed hnoje, kosen\u00ed louky, su\u0161en\u00ed sena, krmen\u00ed zv\u00ed\u0159at, dojen\u00ed, pe\u010den\u00ed chleba, tradi\u010dn\u00ed metody uchov\u00e1v\u00e1n\u00ed ovoce a zeleniny, prac\u00ed se [&hellip;]<\/p>\n","protected":false},"author":1,"featured_media":491,"parent":0,"menu_order":0,"comment_status":"closed","ping_status":"closed","template":"","meta":{"footnotes":""},"class_list":["post-490","page","type-page","status-publish","has-post-thumbnail","hentry"],"_links":{"self":[{"href":"https:\/\/www.kliczdravi.eu\/index.php?rest_route=\/wp\/v2\/pages\/490","targetHints":{"allow":["GET"]}}],"collection":[{"href":"https:\/\/www.kliczdravi.eu\/index.php?rest_route=\/wp\/v2\/pages"}],"about":[{"href":"https:\/\/www.kliczdravi.eu\/index.php?rest_route=\/wp\/v2\/types\/page"}],"author":[{"embeddable":true,"href":"https:\/\/www.kliczdravi.eu\/index.php?rest_route=\/wp\/v2\/users\/1"}],"replies":[{"embeddable":true,"href":"https:\/\/www.kliczdravi.eu\/index.php?rest_route=%2Fwp%2Fv2%2Fcomments&post=490"}],"version-history":[{"count":4,"href":"https:\/\/www.kliczdravi.eu\/index.php?rest_route=\/wp\/v2\/pages\/490\/revisions"}],"predecessor-version":[{"id":496,"href":"https:\/\/www.kliczdravi.eu\/index.php?rest_route=\/wp\/v2\/pages\/490\/revisions\/496"}],"wp:featuredmedia":[{"embeddable":true,"href":"https:\/\/www.kliczdravi.eu\/index.php?rest_route=\/wp\/v2\/media\/491"}],"wp:attachment":[{"href":"https:\/\/www.kliczdravi.eu\/index.php?rest_route=%2Fwp%2Fv2%2Fmedia&parent=490"}],"curies":[{"name":"wp","href":"https:\/\/api.w.org\/{rel}","templated":true}]}}