{"id":425,"date":"2020-10-09T16:39:11","date_gmt":"2020-10-09T14:39:11","guid":{"rendered":"https:\/\/www.kliczdravi.eu\/?page_id=425"},"modified":"2022-03-20T18:31:19","modified_gmt":"2022-03-20T17:31:19","slug":"odborna-kvalifikace","status":"publish","type":"page","link":"https:\/\/www.kliczdravi.eu\/?page_id=425","title":{"rendered":"Odborn\u00e1 kvalifikace"},"content":{"rendered":"\n<p><br><strong>:: Terapeutka Tradi\u010dn\u00ed \u010d\u00ednsk\u00e9 medic\u00edny<\/strong> (<a href=\"https:\/\/www.tcminstitut.cz\/\">TCM INSTITUT<\/a>)<br>: diagnostika<br>: mas\u00e1\u017ee<br>: bylinn\u00e1 terapie<br>: ba\u0148kov\u00e1n\u00ed a moxov\u00e1n\u00ed<br>: akupresura a akupunktura<br>: kosmetick\u00e1 akupunktura<br><strong>:: Pediatrie v Tradi\u010dn\u00ed \u010d\u00ednsk\u00e9 medic\u00edn\u011b<\/strong><br>(<a rel=\"noreferrer noopener\" href=\"https:\/\/www.eyebright.me.uk\/children\/\" target=\"_blank\">Julian Scott<\/a>)<br>:: O\u010dn\u00ed onemocn\u011bn\u00ed z pohledu Tradi\u010dn\u00ed \u010d\u00ednsk\u00e9 medic\u00edny<br>(<a rel=\"noreferrer noopener\" href=\"https:\/\/www.eyebright.me.uk\/children\/\" target=\"_blank\">Julian Scott<\/a>)<br><strong>:: Terapeutka Japonsk\u00e9 klasick\u00e9 akupunktury<\/strong><br>(<a rel=\"noreferrer noopener\" href=\"https:\/\/www.worldacupuncture.com\/\" target=\"_blank\">Alan Jansson<\/a> sensei) <br><strong>:: Terapeutka Kraniosakr\u00e1ln\u00ed biodynamiky <\/strong><br>(<a rel=\"noreferrer noopener\" href=\"http:\/\/www.csinstitut.cz\/\" target=\"_blank\">Institut Cranio-sacr\u00e1ln\u00ed biodynamiky<\/a><strong> <\/strong>)<strong><br>:: Terapeutka Bachov\u00fdch kv\u011btov\u00fdch esenc\u00ed<\/strong> ve spojen\u00ed s vyu\u017eit\u00edm v T\u010cM<br>(MUDr.Dagmar Kom\u00e1rkov\u00e1, klinika <a href=\"https:\/\/www.inspirita.cz\">Inspirita<\/a>)<strong><br>:: Psychoterapeutka<\/strong><br>(Biodynamick\u00e1 t\u011blesn\u00e1 psychoterapie)<strong><br>:: Dula, babice<\/strong><br>(z povol\u00e1n\u00ed)<br><strong>:: Lakta\u010dn\u00ed poradkyn\u011b<\/strong><br>(samostudium a vlastn\u00ed zku\u0161enost p\u0159i kojen\u00ed m\u00fdch p\u011bti d\u011bt\u00ed) <strong><br>:: Lektorka <strong>v\u011bdom\u00e9 a aktivn\u00ed p\u0159\u00edpravy na mate\u0159stv\u00ed\u00a0a rodi\u010dovstv\u00ed<\/strong><\/strong><br>(<a href=\"http:\/\/www.acentrum.eu\/lektorsky-kurz-0\">A-centrum<\/a> Praha)<\/p>\n\n\n\n<p><\/p>\n","protected":false},"excerpt":{"rendered":"<p>:: Terapeutka Tradi\u010dn\u00ed \u010d\u00ednsk\u00e9 medic\u00edny (TCM INSTITUT): diagnostika: mas\u00e1\u017ee: bylinn\u00e1 terapie: ba\u0148kov\u00e1n\u00ed a moxov\u00e1n\u00ed: akupresura a akupunktura: kosmetick\u00e1 akupunktura:: Pediatrie v Tradi\u010dn\u00ed \u010d\u00ednsk\u00e9 medic\u00edn\u011b(Julian Scott):: O\u010dn\u00ed onemocn\u011bn\u00ed z pohledu Tradi\u010dn\u00ed \u010d\u00ednsk\u00e9 medic\u00edny(Julian Scott):: Terapeutka Japonsk\u00e9 klasick\u00e9 akupunktury(Alan Jansson sensei) :: Terapeutka Kraniosakr\u00e1ln\u00ed biodynamiky (Institut Cranio-sacr\u00e1ln\u00ed biodynamiky ):: Terapeutka Bachov\u00fdch kv\u011btov\u00fdch esenc\u00ed ve spojen\u00ed s vyu\u017eit\u00edm [&hellip;]<\/p>\n","protected":false},"author":1,"featured_media":0,"parent":0,"menu_order":0,"comment_status":"closed","ping_status":"closed","template":"","meta":{"footnotes":""},"class_list":["post-425","page","type-page","status-publish","hentry"],"_links":{"self":[{"href":"https:\/\/www.kliczdravi.eu\/index.php?rest_route=\/wp\/v2\/pages\/425","targetHints":{"allow":["GET"]}}],"collection":[{"href":"https:\/\/www.kliczdravi.eu\/index.php?rest_route=\/wp\/v2\/pages"}],"about":[{"href":"https:\/\/www.kliczdravi.eu\/index.php?rest_route=\/wp\/v2\/types\/page"}],"author":[{"embeddable":true,"href":"https:\/\/www.kliczdravi.eu\/index.php?rest_route=\/wp\/v2\/users\/1"}],"replies":[{"embeddable":true,"href":"https:\/\/www.kliczdravi.eu\/index.php?rest_route=%2Fwp%2Fv2%2Fcomments&post=425"}],"version-history":[{"count":3,"href":"https:\/\/www.kliczdravi.eu\/index.php?rest_route=\/wp\/v2\/pages\/425\/revisions"}],"predecessor-version":[{"id":647,"href":"https:\/\/www.kliczdravi.eu\/index.php?rest_route=\/wp\/v2\/pages\/425\/revisions\/647"}],"wp:attachment":[{"href":"https:\/\/www.kliczdravi.eu\/index.php?rest_route=%2Fwp%2Fv2%2Fmedia&parent=425"}],"curies":[{"name":"wp","href":"https:\/\/api.w.org\/{rel}","templated":true}]}}