{"id":423,"date":"2020-10-09T16:21:19","date_gmt":"2020-10-09T14:21:19","guid":{"rendered":"https:\/\/www.kliczdravi.eu\/?page_id=423"},"modified":"2020-10-09T16:21:19","modified_gmt":"2020-10-09T14:21:19","slug":"podekovani","status":"publish","type":"page","link":"https:\/\/www.kliczdravi.eu\/?page_id=423","title":{"rendered":"Pod\u011bkov\u00e1n\u00ed"},"content":{"rendered":"\n<p>Chci pod\u011bkovat sv\u00e9 mamince a tat\u00ednkovi, za to, \u017ee m\u011b po\u010dali, sv\u00e9 mamince, \u017ee mne porodila. Jsem vd\u011b\u010dn\u00e1 sv\u00fdm rodi\u010d\u016fm, \u017ee mne spolu vychovali jak nejl\u00e9pe um\u011bli, \u017ee mi poskytli domov, l\u00e1sku a podporu, a nau\u010dili mne \u017e\u00edt.<br><\/p>\n\n\n\n<p>Sv\u00fdm p\u0159\u00e1tel\u016fm d\u011bkuji za to, \u017ee sd\u00edlej\u00ed sv\u00e9 \u017eivoty s m\u00fdmi, \u017ee jsou tu pro mne kdy\u017e pot\u0159ebuji a \u017ee tu mohu b\u00fdt pro n\u011b, kdy\u017e pot\u0159ebuj\u00ed oni.<br><\/p>\n\n\n\n<p>Sv\u00e9mu mu\u017ei, za to, \u017ee mi pomohl nal\u00e9zt d\u016fv\u011bru, a \u017ee s n\u00edm mohu sd\u00edlet svou \u017eivotn\u00ed cestu, v\u00edru a l\u00e1sku.<br><\/p>\n\n\n\n<p>Sv\u00fdm d\u011btem, \u017ee jsou mou neust\u00e1lou inspirac\u00ed a m\u00fdmi velk\u00fdmi u\u010diteli.<\/p>\n\n\n\n<p>A v\u00e1m, moji mil\u00ed, d\u011bkuji za d\u016fv\u011bru a nad\u011bji, se kterou se na mne obrac\u00edte, abych V\u00e1m pomohla naj\u00edt V\u00e1\u0161 unik\u00e1tn\u00ed kl\u00ed\u010d k va\u0161emu zdrav\u00ed.<\/p>\n","protected":false},"excerpt":{"rendered":"<p>Chci pod\u011bkovat sv\u00e9 mamince a tat\u00ednkovi, za to, \u017ee m\u011b po\u010dali, sv\u00e9 mamince, \u017ee mne porodila. Jsem vd\u011b\u010dn\u00e1 sv\u00fdm rodi\u010d\u016fm, \u017ee mne spolu vychovali jak nejl\u00e9pe um\u011bli, \u017ee mi poskytli domov, l\u00e1sku a podporu, a nau\u010dili mne \u017e\u00edt. Sv\u00fdm p\u0159\u00e1tel\u016fm d\u011bkuji za to, \u017ee sd\u00edlej\u00ed sv\u00e9 \u017eivoty s m\u00fdmi, \u017ee jsou tu pro mne kdy\u017e [&hellip;]<\/p>\n","protected":false},"author":1,"featured_media":0,"parent":0,"menu_order":0,"comment_status":"closed","ping_status":"closed","template":"","meta":{"footnotes":""},"class_list":["post-423","page","type-page","status-publish","hentry"],"_links":{"self":[{"href":"https:\/\/www.kliczdravi.eu\/index.php?rest_route=\/wp\/v2\/pages\/423","targetHints":{"allow":["GET"]}}],"collection":[{"href":"https:\/\/www.kliczdravi.eu\/index.php?rest_route=\/wp\/v2\/pages"}],"about":[{"href":"https:\/\/www.kliczdravi.eu\/index.php?rest_route=\/wp\/v2\/types\/page"}],"author":[{"embeddable":true,"href":"https:\/\/www.kliczdravi.eu\/index.php?rest_route=\/wp\/v2\/users\/1"}],"replies":[{"embeddable":true,"href":"https:\/\/www.kliczdravi.eu\/index.php?rest_route=%2Fwp%2Fv2%2Fcomments&post=423"}],"version-history":[{"count":1,"href":"https:\/\/www.kliczdravi.eu\/index.php?rest_route=\/wp\/v2\/pages\/423\/revisions"}],"predecessor-version":[{"id":424,"href":"https:\/\/www.kliczdravi.eu\/index.php?rest_route=\/wp\/v2\/pages\/423\/revisions\/424"}],"wp:attachment":[{"href":"https:\/\/www.kliczdravi.eu\/index.php?rest_route=%2Fwp%2Fv2%2Fmedia&parent=423"}],"curies":[{"name":"wp","href":"https:\/\/api.w.org\/{rel}","templated":true}]}}