{"id":405,"date":"2020-09-26T12:20:14","date_gmt":"2020-09-26T10:20:14","guid":{"rendered":"https:\/\/www.kliczdravi.eu\/?page_id=405"},"modified":"2024-11-19T09:07:18","modified_gmt":"2024-11-19T08:07:18","slug":"mohlo-by-vas-zajimat","status":"publish","type":"page","link":"https:\/\/www.kliczdravi.eu\/?page_id=405","title":{"rendered":"Mohlo by v\u00e1s zaj\u00edmat"},"content":{"rendered":"\n<p>Psychoterapie Emilie \u0160\u00edpov\u00e1 <br><a rel=\"noreferrer noopener\" href=\"http:\/\/www.poradna-praha.cz\/\" target=\"_blank\">www.poradna-praha.cz<\/a> <\/p>\n\n\n\n<p>Mgr. Jana Bej\u010dkov\u00e1<br><a rel=\"noreferrer noopener\" href=\"https:\/\/www.mozaikazdravi.cz\" target=\"_blank\">https:\/\/www.mozaikazdravi.cz<\/a><\/p>\n\n\n\n<p>Eldar.cz<br><a rel=\"noreferrer noopener\" href=\"https:\/\/eldar.cz\" target=\"_blank\">https:\/\/eldar.cz<\/a><\/p>\n\n\n\n<p>Tereza Kr\u00e1lov\u00e1 &#8211; V\u00e1\u0161 pr\u016fvodce sv\u011btem kraniosakr\u00e1ln\u00ed terapie<br> <a rel=\"noreferrer noopener\" href=\"http:\/\/www.terezakralova.cz\/\" target=\"_blank\">http:\/\/www.terezakralova.cz\/<\/a><\/p>\n\n\n\n<p>Centrum \u017divota T\u00e1bor<a rel=\"noreferrer noopener\" href=\"https:\/\/centrumzivota.webnode.cz\/\" target=\"_blank\"><br>https:\/\/centrumzivota.webnode.cz\/<\/a><\/p>\n\n\n\n<p>M\u011bste\u010dko Nad\u011bjkov &#8211; ofici\u00e1ln\u00ed str\u00e1nky<br><a rel=\"noreferrer noopener\" href=\"https:\/\/www.nadejkov.cz\" target=\"_blank\">https:\/\/www.nadejkov.cz<\/a><\/p>\n\n\n\n<p>Flabgee<a href=\"\nhttps:\/\/www.flabgee.cz\/\"><br>https:\/\/www.flabgee.cz\/<\/a><\/p>\n","protected":false},"excerpt":{"rendered":"<p>Psychoterapie Emilie \u0160\u00edpov\u00e1 www.poradna-praha.cz Mgr. Jana Bej\u010dkov\u00e1https:\/\/www.mozaikazdravi.cz Eldar.czhttps:\/\/eldar.cz Tereza Kr\u00e1lov\u00e1 &#8211; V\u00e1\u0161 pr\u016fvodce sv\u011btem kraniosakr\u00e1ln\u00ed terapie http:\/\/www.terezakralova.cz\/ Centrum \u017divota T\u00e1borhttps:\/\/centrumzivota.webnode.cz\/ M\u011bste\u010dko Nad\u011bjkov &#8211; ofici\u00e1ln\u00ed str\u00e1nkyhttps:\/\/www.nadejkov.cz Flabgeehttps:\/\/www.flabgee.cz\/<\/p>\n","protected":false},"author":1,"featured_media":0,"parent":0,"menu_order":0,"comment_status":"closed","ping_status":"closed","template":"","meta":{"footnotes":""},"class_list":["post-405","page","type-page","status-publish","hentry"],"_links":{"self":[{"href":"https:\/\/www.kliczdravi.eu\/index.php?rest_route=\/wp\/v2\/pages\/405","targetHints":{"allow":["GET"]}}],"collection":[{"href":"https:\/\/www.kliczdravi.eu\/index.php?rest_route=\/wp\/v2\/pages"}],"about":[{"href":"https:\/\/www.kliczdravi.eu\/index.php?rest_route=\/wp\/v2\/types\/page"}],"author":[{"embeddable":true,"href":"https:\/\/www.kliczdravi.eu\/index.php?rest_route=\/wp\/v2\/users\/1"}],"replies":[{"embeddable":true,"href":"https:\/\/www.kliczdravi.eu\/index.php?rest_route=%2Fwp%2Fv2%2Fcomments&post=405"}],"version-history":[{"count":5,"href":"https:\/\/www.kliczdravi.eu\/index.php?rest_route=\/wp\/v2\/pages\/405\/revisions"}],"predecessor-version":[{"id":933,"href":"https:\/\/www.kliczdravi.eu\/index.php?rest_route=\/wp\/v2\/pages\/405\/revisions\/933"}],"wp:attachment":[{"href":"https:\/\/www.kliczdravi.eu\/index.php?rest_route=%2Fwp%2Fv2%2Fmedia&parent=405"}],"curies":[{"name":"wp","href":"https:\/\/api.w.org\/{rel}","templated":true}]}}