{"id":394,"date":"2020-09-26T11:30:25","date_gmt":"2020-09-26T09:30:25","guid":{"rendered":"https:\/\/www.kliczdravi.eu\/?page_id=394"},"modified":"2025-01-03T23:23:14","modified_gmt":"2025-01-03T22:23:14","slug":"nabizim-vam","status":"publish","type":"page","link":"https:\/\/www.kliczdravi.eu\/","title":{"rendered":"Nab\u00edz\u00edm v\u00e1m&#8230;"},"content":{"rendered":"\n<div class=\"wp-block-group\"><div class=\"wp-block-group__inner-container is-layout-flow wp-block-group-is-layout-flow\">\n<p><img loading=\"lazy\" decoding=\"async\" width=\"150\" height=\"175\" class=\"wp-image-260\" style=\"width: 150px;\" src=\"https:\/\/www.kliczdravi.eu\/wp-content\/uploads\/2018\/11\/10441026_1526792390866547_1118778589097771351_n-1.jpg\" alt=\"\"><br><\/p>\n<\/div><\/div>\n\n\n\n<p><strong>Tradi\u010dn\u00ed \u010d\u00ednskou a evropskou medic\u00ednu (T\u010cM a TEM)<\/strong>\u00a0<br>&#8230;je v podstat\u011b harmonizace syst\u00e9mu meridi\u00e1n\u016f, kter\u00fdmi proud\u00ed na\u0161e energie, nebo chcete-li Qi, v t\u011ble. Na ja\u0159e pom\u016f\u017ee nejen, jak u\u017e je zn\u00e1mo, s pohybov\u00fdm apar\u00e1tem, ale m\u016f\u017ee p\u0159in\u00e9st i v\u00fdraznou \u00falevu p\u0159i jarn\u00edch ch\u0159ipk\u00e1ch a nachlazen\u00edch, bolestech v krku a v neposledn\u00ed \u0159ad\u011b i p\u0159i alergi\u00edch a jejich prevenci. T\u010cM a TEM si dokonce \u010dasto porad\u00ed zejm\u00e9na s chronick\u00fdmi a autoimunitn\u00edmi chorobami, se kter\u00fdmi si z\u00e1padn\u00ed l\u00e9ka\u0159i \u010dasto nev\u011bd\u00ed rady. <a href=\"https:\/\/www.kliczdravi.eu\/?p=102\" target=\"_blank\" rel=\"noreferrer noopener\">\u010c\u00edst d\u00e1le&#8230;<\/a><\/p>\n\n\n\n<p><strong>Kraniosakr\u00e1ln\u00ed biodynamiku &#8211; Dotek Srdcem<\/strong><br>&#8230;jedn\u00e1 se o metodu pr\u00e1ce s hlubok\u00fdmi silami lidsk\u00e9ho sebel\u00e9\u010den\u00ed. Na za\u010d\u00e1tku 20.stolet\u00ed jist\u00ed l\u00e9ka\u0159i zjistili, \u017ee lidsk\u00e9 t\u011blo vykazuje mnoho schopnost\u00ed, kter\u00e9 nen\u00ed snadn\u00e9 vysv\u011btlit v\u011bdecky a rozhodli se tento fenom\u00e9n vyzkoumat. Po po\u010d\u00e1te\u010dn\u00edch pokusech zjistili, \u017ee l\u00e9\u010div\u00e9 s\u00edly obsa\u017eeny v prim\u00e1rn\u00ed matrici zdrav\u00ed jsou vprav\u011b z\u00e1zra\u010dn\u00e9. V pr\u016fb\u011bhu 20.stolet\u00ed a zejm\u00e9na na za\u010d\u00e1tku stolet\u00ed 21. se pak organicky vytvo\u0159ila kraniosakr\u00e1ln\u00ed biodynamika, kter\u00e1 ponech\u00e1v\u00e1 prostor ka\u017ed\u00e9mu \u010dlov\u011bku naj\u00edt v sob\u011b prvotn\u00ed zdrav\u00ed. <a href=\"https:\/\/www.kliczdravi.eu\/?p=108\" target=\"_blank\" rel=\"noreferrer noopener\">\u010c\u00edst d\u00e1le&#8230;<\/a><\/p>\n\n\n\n<p><strong>Japonskou klasickou akupunkturu<\/strong><br>&#8230;ve sv\u00fdch po\u010d\u00e1te\u010dn\u00edch setk\u00e1n\u00edch s akupunkturou a jej\u00edm vlivem na lidsk\u00fd organismus jsem zjistila, \u017ee mnoha lidem vad\u00ed p\u0159\u00edpadn\u00e1, by\u0165 kr\u00e1tkodob\u00e1, bolest, kterou tradi\u010dn\u00ed \u010d\u00ednskou akupunkturu ob\u010das prov\u00e1z\u00ed. A pozd\u011bji jsem se doslechla o semin\u00e1\u0159\u00edch japonsk\u00e9 klasick\u00e9 akupnktury, kterou do \u010cech p\u0159ivezl Australan Alan Jansson, kter\u00fd ji\u017e t\u0159icet let s touto metodou seznamuje sv\u011bt. Na jeho semin\u00e1\u0159\u00edch jsem si uv\u011bdomila, jak mocn\u00fd n\u00e1stroj jsem v cel\u00e9m syst\u00e9mu klasick\u00e9 akupunktury na\u0161la, a v praxi si pak ov\u011b\u0159ila, \u017ee je vhodn\u00e1 pro velmi citliv\u00e9 jedince, kte\u0159\u00ed by jinak o\u0161et\u0159en\u00ed tradi\u010dn\u00ed akupunkturou nesnesli. <a href=\"https:\/\/www.kliczdravi.eu\/?p=430\">\u010c\u00edst d\u00e1le&#8230;<\/a><br><\/p>\n\n\n\n<p><strong>P\u00e9\u010di v t\u011bhotenstv\u00ed, p\u0159i porodu a v poporodn\u00edm obdob\u00ed<\/strong><br>&#8230;t\u011bhotenstv\u00ed vn\u00edm\u00e1m jako posv\u00e1tn\u00e9 obdob\u00ed. Zp\u016fsob, jak\u00fdm \u017eena pro\u017eije toto obdob\u00ed, n\u00e1sledn\u011b i porod a \u0161estined\u011bl\u00ed do velk\u00e9 m\u00edry p\u0159edur\u010duje budouc\u00ed vztah tohoto d\u00edt\u011bte ke sv\u011btu a \u017eivotu, a tud\u00ed\u017e zdrav\u00ed jako takov\u00e9mu. T\u011bch n\u011bkolik m\u011bs\u00edc\u016f, b\u011bhem kter\u00fdch nos\u00ed \u017eena sv\u00e9 d\u011b\u0165\u00e1tko pod srdcem a je v o\u010dek\u00e1v\u00e1n\u00ed nov\u00e9 bytosti, v tomto jin\u00e9m stavu pot\u0159ebuje \u017eena p\u00e9\u010di zku\u0161en\u00e9 \u017eeny, kter\u00e1 j\u00ed m\u016f\u017ee pomoci vyrovnat se s mnoha v\u00fdzvami, kter\u00e9 s sebou toto obdob\u00ed p\u0159in\u00e1\u0161\u00ed. <a href=\"https:\/\/www.kliczdravi.eu\/?p=436\" target=\"_blank\" rel=\"noreferrer noopener\">\u010c\u00edst d\u00e1le&#8230;<\/a><\/p>\n\n\n\n<p><strong>Teapii du\u0161e<\/strong><br>&#8230;pot\u0159ebuje ka\u017ed\u00fd z n\u00e1s. \u017deny to m\u00edvaj\u00ed jednodu\u0161\u0161\u00ed ne\u017e mu\u017ei, nebo\u0165 jejich p\u0159irozenost\u00ed je sd\u00edlet sv\u00e9 z\u00e1\u017eitky, radosti, smutky, zklam\u00e1n\u00ed a vz\u00e1jemn\u011b se ut\u011b\u0161ovat. V bezpe\u010dn\u00e9m kruhu \u017een si \u017eena m\u016f\u017ee dovolit b\u00fdt zraniteln\u00e1 a na\u010derpat s\u00edlu ze vz\u00e1jemn\u00e9 podpory, pokusit se zpracovat sv\u00e9 z\u00e1\u017eitky tak, aby se z nich nestaly traumata. Mu\u017ei tento druh psychoterapie pou\u017e\u00edvaj\u00ed m\u00e9n\u011b, nebo\u0165 v jejich p\u0159irozenosti je sp\u00ed\u0161e sout\u011b\u017eivost, mu\u017ei tou\u017e\u00ed b\u00fdt siln\u00ed a nezraniteln\u00ed, ochra\u0148ovat a \u0159e\u0161it nastal\u00e9 situace. <a href=\"https:\/\/www.kliczdravi.eu\/?p=438\" target=\"_blank\" rel=\"noreferrer noopener\"> \u010c\u00edst d\u00e1le&#8230;  <\/a><\/p>\n\n\n\n<p><strong>Bachovu kv\u011btovou terapii<\/strong><br>&#8230;pou\u017e\u00edv\u00e1 velmi jemn\u00e9 v\u00fdta\u017eky z kv\u011bt\u016f 37 rostlin a tak\u00e9 pramenitou vodu. \u00da\u010dinky t\u011bchto v\u00fdta\u017ek\u016f poprv\u00e9 popsal a pou\u017eil Dr.Edward Bach v prvn\u00ed polovin\u011b dvac\u00e1t\u00e9ho stolet\u00ed. Cel\u00fd syst\u00e9m popsal a vytvo\u0159il, a o jeho \u00fa\u010dinnosti snad m\u016f\u017ee hovo\u0159it i to, \u017ee se st\u00e1le s \u00fasp\u011bchem pou\u017e\u00edv\u00e1 i t\u00e9m\u011b\u0159 o stolet\u00ed pozd\u011bji. <a rel=\"noreferrer noopener\" href=\"https:\/\/www.kliczdravi.eu\/?p=105\" target=\"_blank\">\u010c\u00edst d\u00e1le&#8230;<\/a><\/p>\n","protected":false},"excerpt":{"rendered":"<p>Tradi\u010dn\u00ed \u010d\u00ednskou a evropskou medic\u00ednu (T\u010cM a TEM)\u00a0&#8230;je v podstat\u011b harmonizace syst\u00e9mu meridi\u00e1n\u016f, kter\u00fdmi proud\u00ed na\u0161e energie, nebo chcete-li Qi, v t\u011ble. Na ja\u0159e pom\u016f\u017ee nejen, jak u\u017e je zn\u00e1mo, s pohybov\u00fdm apar\u00e1tem, ale m\u016f\u017ee p\u0159in\u00e9st i v\u00fdraznou \u00falevu p\u0159i jarn\u00edch ch\u0159ipk\u00e1ch a nachlazen\u00edch, bolestech v krku a v neposledn\u00ed \u0159ad\u011b i p\u0159i alergi\u00edch a [&hellip;]<\/p>\n","protected":false},"author":1,"featured_media":0,"parent":0,"menu_order":0,"comment_status":"closed","ping_status":"closed","template":"","meta":{"footnotes":""},"class_list":["post-394","page","type-page","status-publish","hentry"],"_links":{"self":[{"href":"https:\/\/www.kliczdravi.eu\/index.php?rest_route=\/wp\/v2\/pages\/394","targetHints":{"allow":["GET"]}}],"collection":[{"href":"https:\/\/www.kliczdravi.eu\/index.php?rest_route=\/wp\/v2\/pages"}],"about":[{"href":"https:\/\/www.kliczdravi.eu\/index.php?rest_route=\/wp\/v2\/types\/page"}],"author":[{"embeddable":true,"href":"https:\/\/www.kliczdravi.eu\/index.php?rest_route=\/wp\/v2\/users\/1"}],"replies":[{"embeddable":true,"href":"https:\/\/www.kliczdravi.eu\/index.php?rest_route=%2Fwp%2Fv2%2Fcomments&post=394"}],"version-history":[{"count":11,"href":"https:\/\/www.kliczdravi.eu\/index.php?rest_route=\/wp\/v2\/pages\/394\/revisions"}],"predecessor-version":[{"id":960,"href":"https:\/\/www.kliczdravi.eu\/index.php?rest_route=\/wp\/v2\/pages\/394\/revisions\/960"}],"wp:attachment":[{"href":"https:\/\/www.kliczdravi.eu\/index.php?rest_route=%2Fwp%2Fv2%2Fmedia&parent=394"}],"curies":[{"name":"wp","href":"https:\/\/api.w.org\/{rel}","templated":true}]}}