{"id":197,"date":"2018-10-19T17:29:59","date_gmt":"2018-10-19T15:29:59","guid":{"rendered":"http:\/\/www.kliczdravi.eu\/?page_id=197"},"modified":"2018-10-19T17:29:59","modified_gmt":"2018-10-19T15:29:59","slug":"pridat-referenci","status":"publish","type":"page","link":"https:\/\/www.kliczdravi.eu\/?page_id=197","title":{"rendered":"P\u0159idat referenci"},"content":{"rendered":"<div class=\"strong-view strong-form strong-view-id-1 simple-form wpmtst-simple-form\" data-state=idle><div class=\"strong-form-wait\"><div class=\"message\"><img decoding=\"async\" src=\"https:\/\/www.kliczdravi.eu\/wp-content\/plugins\/strong-testimonials\/public\/\/svg\/spinner-solid.svg\"><\/div><\/div><div id=\"wpmtst-form\"><div class=\"strong-form-inner\"><p class=\"required-notice\"><span class=\"required symbol\"><\/span>Je t\u0159eba vyplnit        <\/p><form id=\"wpmtst-submission-form\" method=\"post\" enctype=\"multipart\/form-data\" autocomplete=\"off\"><div style=\"display: none;\"><input type=\"hidden\" id=\"wpmtst_form_nonce\" name=\"wpmtst_form_nonce\" value=\"056989ac8c\" \/><input type=\"hidden\" name=\"_wp_http_referer\" value=\"\/index.php?rest_route=%2Fwp%2Fv2%2Fpages%2F197\" \/><input type=\"hidden\" name=\"action\" value=\"wpmtst_form\"><input type=\"hidden\" name=\"form_id\" value=\"1\"><input type=\"hidden\" name=\"default_category\" value=\"\"><input type=\"hidden\" name=\"category\" value=\"\"><\/div><div class=\"form-field field-client_name\"><label for=\"wpmtst_client_name\" class=\"field-client_name\">Va\u0161e jm\u00e9no<\/label><span class=\"required symbol\"><\/span><input id=\"wpmtst_client_name\" type=\"text\" class=\"text\" name=\"client_name\"  value=\"\" placeholder=\"\"   required tabindex=\"0\"><span class=\"after\">Jak\u00e9 je va\u0161e cel\u00e9 jm\u00e9no? (Bude zve\u0159ejn\u011bno)<\/span><\/div><div class=\"form-field field-email\"><label for=\"wpmtst_email\" class=\"field-email\">Email<\/label><span class=\"required symbol\"><\/span><input id=\"wpmtst_email\" type=\"email\" class=\"text email\" name=\"email\"  value=\"\" placeholder=\"\"   required tabindex=\"0\"><span class=\"after\">Jak\u00e1 je va\u0161e emailov\u00e1 adresa? (nebude zve\u0159ejn\u011bna)<\/span><\/div><div class=\"form-field field-post_title\"><label for=\"wpmtst_post_title\" class=\"field-post_title\">Nadpis<\/label><input id=\"wpmtst_post_title\" type=\"text\" class=\"text\" name=\"post_title\"  value=\"\" placeholder=\"\"   tabindex=\"0\"><span class=\"after\">Titulek k va\u0161\u00ed referenci.<\/span><\/div><div class=\"form-field field-post_content\"><label for=\"wpmtst_post_content\" class=\"field-post_content\">Va\u0161e reference<\/label><span class=\"required symbol\"><\/span><textarea id=\"wpmtst_post_content\" name=\"post_content\" class=\"textarea\"  required placeholder=\"\"  tabindex=\"0\"><\/textarea><span class=\"after\">Jak\u00fdm zp\u016fsobem jsem pomohla zlep\u0161it kvalitu Va\u0161eho \u017eivota?<\/span><\/div><div class=\"form-field field-kraniosakralni_biodynamika\"><span class=\"before\">Uve\u010fte pros\u00edm jak\u00e9 o\u0161et\u0159en\u00ed hodnot\u00edte<\/span><div class=\"field-wrap\"><input id=\"wpmtst_kraniosakralni_biodynamika\" type=\"checkbox\" class=\"\" name=\"kraniosakralni_biodynamika\"   tabindex=\"0\"><label for=\"wpmtst_kraniosakralni_biodynamika\" class=\"checkbox-label\">Kraniosakr\u00e1ln\u00ed biodynamika<\/label><\/div><span class=\"after\"><\/span><\/div><div class=\"form-field field-tradicni_cinska_medicina\"><div class=\"field-wrap\"><input id=\"wpmtst_tradicni_cinska_medicina\" type=\"checkbox\" class=\"\" name=\"tradicni_cinska_medicina\"   tabindex=\"0\"><label for=\"wpmtst_tradicni_cinska_medicina\" class=\"checkbox-label\">Tradi\u010dn\u00ed \u010d\u00ednsk\u00e1 medic\u00edna<\/label><\/div><span class=\"after\"><\/span><\/div><div class=\"form-field field-japonsk_akupunktura\"><div class=\"field-wrap\"><input id=\"wpmtst_japonsk_akupunktura\" type=\"checkbox\" class=\"\" name=\"japonsk_akupunktura\"   tabindex=\"0\"><label for=\"wpmtst_japonsk_akupunktura\" class=\"checkbox-label\">Japonsk\u00e1 akupunktura<\/label><\/div><span class=\"after\"><\/span><\/div><div class=\"form-field field-bachovky\"><div class=\"field-wrap\"><input id=\"wpmtst_bachovky\" type=\"checkbox\" class=\"\" name=\"bachovky\"   tabindex=\"0\"><label for=\"wpmtst_bachovky\" class=\"checkbox-label\">Bachovy kv\u011btov\u00e9 esence<\/label><\/div><span class=\"after\"><\/span><\/div><div class=\"form-field field-psychoterapie\"><div class=\"field-wrap\"><input id=\"wpmtst_psychoterapie\" type=\"checkbox\" class=\"\" name=\"psychoterapie\"   tabindex=\"0\"><label for=\"wpmtst_psychoterapie\" class=\"checkbox-label\">Psychoterapie<\/label><\/div><span class=\"after\"><\/span><\/div><div class=\"form-field field-v_cvik_ticha_a_klidu\"><div class=\"field-wrap\"><input id=\"wpmtst_v_cvik_ticha_a_klidu\" type=\"checkbox\" class=\"\" name=\"v_cvik_ticha_a_klidu\"   tabindex=\"0\"><label for=\"wpmtst_v_cvik_ticha_a_klidu\" class=\"checkbox-label\">V\u00fdcvik Ticha a klidu<\/label><\/div><span class=\"after\"><\/span><\/div><div class=\"form-field field-p_edn_ky\"><div class=\"field-wrap\"><input id=\"wpmtst_p_edn_ky\" type=\"checkbox\" class=\"\" name=\"p_edn_ky\"   tabindex=\"0\"><label for=\"wpmtst_p_edn_ky\" class=\"checkbox-label\">P\u0159edn\u00e1\u0161ky<\/label><\/div><span class=\"after\"><\/span><\/div><div class=\"form-field field-ostatn_\"><div class=\"field-wrap\"><input id=\"wpmtst_ostatn_\" type=\"checkbox\" class=\"\" name=\"ostatn_\"   tabindex=\"0\"><label for=\"wpmtst_ostatn_\" class=\"checkbox-label\">Ostatn\u00ed<\/label><\/div><span class=\"after\"><\/span><\/div><div class=\"form-field wpmtst-submit\"><label><input type=\"submit\" id=\"wpmtst_submit_testimonial\" name=\"wpmtst_submit_testimonial\" value=\"P\u0159idat referenci\" class=\"button\" tabindex=\"0\"><\/label><\/div><\/form><\/div><\/div><\/div>\n","protected":false},"excerpt":{"rendered":"","protected":false},"author":1,"featured_media":0,"parent":0,"menu_order":0,"comment_status":"closed","ping_status":"closed","template":"","meta":{"footnotes":""},"class_list":["post-197","page","type-page","status-publish","hentry"],"_links":{"self":[{"href":"https:\/\/www.kliczdravi.eu\/index.php?rest_route=\/wp\/v2\/pages\/197","targetHints":{"allow":["GET"]}}],"collection":[{"href":"https:\/\/www.kliczdravi.eu\/index.php?rest_route=\/wp\/v2\/pages"}],"about":[{"href":"https:\/\/www.kliczdravi.eu\/index.php?rest_route=\/wp\/v2\/types\/page"}],"author":[{"embeddable":true,"href":"https:\/\/www.kliczdravi.eu\/index.php?rest_route=\/wp\/v2\/users\/1"}],"replies":[{"embeddable":true,"href":"https:\/\/www.kliczdravi.eu\/index.php?rest_route=%2Fwp%2Fv2%2Fcomments&post=197"}],"version-history":[{"count":2,"href":"https:\/\/www.kliczdravi.eu\/index.php?rest_route=\/wp\/v2\/pages\/197\/revisions"}],"predecessor-version":[{"id":199,"href":"https:\/\/www.kliczdravi.eu\/index.php?rest_route=\/wp\/v2\/pages\/197\/revisions\/199"}],"wp:attachment":[{"href":"https:\/\/www.kliczdravi.eu\/index.php?rest_route=%2Fwp%2Fv2%2Fmedia&parent=197"}],"curies":[{"name":"wp","href":"https:\/\/api.w.org\/{rel}","templated":true}]}}