{"id":19,"date":"2013-01-31T00:11:06","date_gmt":"2013-01-30T23:11:06","guid":{"rendered":"http:\/\/www.kliczdravi.eu\/?page_id=19"},"modified":"2023-05-30T23:08:46","modified_gmt":"2023-05-30T21:08:46","slug":"prednasky","status":"publish","type":"page","link":"https:\/\/www.kliczdravi.eu\/?page_id=19","title":{"rendered":"P\u0159edn\u00e1\u0161ky"},"content":{"rendered":"<p>Pokud m\u00e1te z\u00e1jem o moji p\u0159edn\u00e1\u0161ku, <a title=\"napi3te mi\" href=\"mailto:info@kliczdravi.cz\" target=\"_blank\" rel=\"noopener noreferrer\">napi\u0161te mi<\/a>, pros\u00edm.<\/p>\n<p>Nejbli\u017e\u0161\u00ed term\u00edny p\u0159edn\u00e1\u0161ek:<\/p>\n<p><a href=\"https:\/\/www.kliczdravi.eu\/?page_id=629\" target=\"_blank\" rel=\"noopener noreferrer\">D\u011btsk\u00e9 nemoci v pr\u016fb\u011bhu roku<\/a>\u00a0 cyklus \u010dty\u0159 p\u0159edn\u00e1\u0161ek voln\u011b navazuj\u00edc\u00edch &#8211; bylinky, homeopatie, tk\u00e1\u0148ov\u00e9 soli, akupresura a l\u00e9\u010debn\u00e9 mas\u00e1\u017ee<br \/>14.6.2023 Co p\u0159in\u00e1\u0161\u00ed <a href=\"https:\/\/www.kliczdravi.eu\/?page_id=634\" target=\"_blank\" rel=\"noopener noreferrer\">L\u00c9TO<\/a> &#8211; m\u00edsto kon\u00e1n\u00ed: <a href=\"https:\/\/centrumzivota.webnode.cz\" target=\"_blank\" rel=\"noopener\">Centrum \u017divota T\u00e1bor<\/a><br \/>\u00a0Co p\u0159in\u00e1\u0161\u00ed PODZIM term\u00edn a m\u00edsto kon\u00e1n\u00ed budou up\u0159esn\u011bny<br \/>Co p\u0159in\u00e1\u0161\u00ed ZIMA<br \/>Co p\u0159in\u00e1\u0161\u00ed JARO<\/p>\n<p>Ji\u017e prob\u011bhl\u00e9 p\u0159edn\u00e1\u0161ky a p\u0159edn\u00e1\u0161kov\u00e9 cykly:<br \/><br \/>Bachovy kv\u011btov\u00e9 esence a d\u011btsk\u00e9 archetypy s nimi spojen\u00e9<br \/>jaro 2023 &#8211; Praha<\/p>\n<p>Alergie a astma &#8211; p\u0159\u00ed\u010dinu vzniku, jak upravit stravu a kdy je nejl\u00e9pe posilovat organismus, aby bylo mo\u017en\u00e9 alergii l\u00e9\u010dit. <br \/>podzim-zima 2022\/23 &#8211; Praha<\/p>\n<p>ADHD a hyperaktivita, dyslexie a jin\u00e9 poruchy u\u010debn\u00edho spektra &#8211; p\u0159\u00ed\u010diny vzniku a jak pomoci p\u0159\u00edrodn\u00ed cestou<br \/>podzim 2022 &#8211; Praha<\/p>\n<p><a href=\"https:\/\/www.kliczdravi.eu\/?page_id=629\" target=\"_blank\" rel=\"noopener noreferrer\">D\u011btsk\u00e9 nemoci v pr\u016fb\u011bhu roku<\/a>\u00a0 cyklus \u010dty\u0159 p\u0159edn\u00e1\u0161ek voln\u011b navazuj\u00edc\u00edch &#8211; bylinky, homeopatie, tk\u00e1\u0148ov\u00e9 soli, akupresura a l\u00e9\u010debn\u00e9 mas\u00e1\u017ee<\/p>\n<p>14.5.2022 Co p\u0159in\u00e1\u0161\u00ed <a href=\"https:\/\/www.kliczdravi.eu\/?page_id=634\" target=\"_blank\" rel=\"noopener noreferrer\">L\u00c9TO<\/a> &#8211;\u00a0 Nad\u011bjkov <br \/>10.9.2022 Co p\u0159in\u00e1\u0161\u00ed PODZIM &#8211;\u00a0 Nad\u011bjkov\u00a0<br \/>12.11.2022 Co p\u0159in\u00e1\u0161\u00ed ZIMA &#8211; Nad\u011bjkov<br \/>18.2.2023 Co p\u0159in\u00e1\u0161\u00ed JARO &#8211; Nad\u011bjkov<\/p>\n<p><br \/>N\u00ed\u017ee naleznete posledn\u00ed prob\u011bhl\u00fd cyklus p\u0159edn\u00e1\u0161ek, kter\u00e9 se konaly p\u0159ev\u00e1\u017en\u011b v pra\u017esk\u00e9m <a title=\"A centru\" href=\"http:\/\/http:\/\/www.acentrum.eu\/\" target=\"_blank\" rel=\"noopener noreferrer\">A-centru<\/a>.<\/p>\n<p>17.5.2018 &#8211; Sv\u011btov\u00fd t\u00fdden respektu k porodu &#8211; Metody \u0159e\u0161en\u00ed potenci\u00e1ln\u00edch patologi\u00ed ve 3. trimestru s pomoc\u00ed p\u0159\u00edrodn\u00ed medic\u00edny<\/p>\n<p>24.6.2013\u00a0 L\u00e9to, jak se na n\u011bj m\u016f\u017eeme p\u0159ipravit, dietetick\u00e1 opat\u0159en\u00ed a jak se br\u00e1nit letn\u00edm pr\u016fjm\u016f, doma i na cest\u00e1ch.<\/p>\n<p>27.5.2013 \u00a0TCM v t\u011bhotenstv\u00ed a p\u0159i\/po porodu, &#8222;v\u00fdchova plodu&#8220; aneb co d\u011blat aby se V\u00e1m narodilo z\u00e1\u0159iv\u00e9, \u0161\u0165astn\u00e9 a chytr\u00e9 d\u00edt\u011b, dietetika v t\u011bhotenstv\u00ed a po porodu<\/p>\n<p>29.4.2013 TCM l\u00e9k\u00e1rni\u010dka &#8211; jak\u00e9 &#8222;byliny&#8220; m\u00e1me doma a jak\u00e9 m\u016f\u017eete m\u00edt v\u017edy doma a jak s t\u00edm zach\u00e1zet<\/p>\n<p>25.3.2013\u00a0 Co d\u011blat na ja\u0159e, jarn\u00ed dietetick\u00e1 opat\u0159en\u00ed, p\u0159echod ze zimy do jara a p\u016fvod nej\u010dast\u011bj\u0161\u00edch onemocn\u011bn\u00ed<\/p>\n<p>27.2.2013 \u00a0TCM v pediatrii &#8211; pos\u00edlen\u00ed imunity u d\u011bti, prevence a l\u00e9\u010dba<br \/>komplikac\u00ed p\u0159i o\u010dkov\u00e1n\u00ed,\u00a0 epilepsie,\u00a0 ADHD a ADD,\u00a0 lup\u00e9nka,\u00a0 dyslexie,\u00a0atopick\u00e9 ex\u00e9my apod.<\/p>\n<p align=\"LEFT\">\u00a0<\/p>\n\n\n<p><\/p>\n","protected":false},"excerpt":{"rendered":"<p>Pokud m\u00e1te z\u00e1jem o moji p\u0159edn\u00e1\u0161ku, napi\u0161te mi, pros\u00edm. Nejbli\u017e\u0161\u00ed term\u00edny p\u0159edn\u00e1\u0161ek: D\u011btsk\u00e9 nemoci v pr\u016fb\u011bhu roku\u00a0 cyklus \u010dty\u0159 p\u0159edn\u00e1\u0161ek voln\u011b navazuj\u00edc\u00edch &#8211; bylinky, homeopatie, tk\u00e1\u0148ov\u00e9 soli, akupresura a l\u00e9\u010debn\u00e9 mas\u00e1\u017ee14.6.2023 Co p\u0159in\u00e1\u0161\u00ed L\u00c9TO &#8211; m\u00edsto kon\u00e1n\u00ed: Centrum \u017divota T\u00e1bor\u00a0Co p\u0159in\u00e1\u0161\u00ed PODZIM term\u00edn a m\u00edsto kon\u00e1n\u00ed budou up\u0159esn\u011bnyCo p\u0159in\u00e1\u0161\u00ed ZIMACo p\u0159in\u00e1\u0161\u00ed JARO Ji\u017e prob\u011bhl\u00e9 p\u0159edn\u00e1\u0161ky [&hellip;]<\/p>\n","protected":false},"author":1,"featured_media":0,"parent":0,"menu_order":0,"comment_status":"closed","ping_status":"open","template":"","meta":{"footnotes":""},"class_list":["post-19","page","type-page","status-publish","hentry"],"_links":{"self":[{"href":"https:\/\/www.kliczdravi.eu\/index.php?rest_route=\/wp\/v2\/pages\/19","targetHints":{"allow":["GET"]}}],"collection":[{"href":"https:\/\/www.kliczdravi.eu\/index.php?rest_route=\/wp\/v2\/pages"}],"about":[{"href":"https:\/\/www.kliczdravi.eu\/index.php?rest_route=\/wp\/v2\/types\/page"}],"author":[{"embeddable":true,"href":"https:\/\/www.kliczdravi.eu\/index.php?rest_route=\/wp\/v2\/users\/1"}],"replies":[{"embeddable":true,"href":"https:\/\/www.kliczdravi.eu\/index.php?rest_route=%2Fwp%2Fv2%2Fcomments&post=19"}],"version-history":[{"count":11,"href":"https:\/\/www.kliczdravi.eu\/index.php?rest_route=\/wp\/v2\/pages\/19\/revisions"}],"predecessor-version":[{"id":760,"href":"https:\/\/www.kliczdravi.eu\/index.php?rest_route=\/wp\/v2\/pages\/19\/revisions\/760"}],"wp:attachment":[{"href":"https:\/\/www.kliczdravi.eu\/index.php?rest_route=%2Fwp%2Fv2%2Fmedia&parent=19"}],"curies":[{"name":"wp","href":"https:\/\/api.w.org\/{rel}","templated":true}]}}